{"id":1367,"date":"2025-01-10T10:56:12","date_gmt":"2025-01-10T10:56:12","guid":{"rendered":"https:\/\/www.fjordyachts.de\/test-center\/"},"modified":"2025-09-03T18:11:48","modified_gmt":"2025-09-03T17:11:48","slug":"testzentrum","status":"publish","type":"page","link":"https:\/\/www.fjordyachts.de\/de\/testzentrum\/","title":{"rendered":"Testzentrum"},"content":{"rendered":"<section class=\"l-section wpb_row height_large\"><div class=\"l-section-h i-cf\"><div class=\"g-cols vc_row via_grid cols_2 laptops-cols_inherit tablets-cols_inherit mobiles-cols_1 valign_top type_default stacking_default\"><div class=\"wpb_column vc_column_container\"><div class=\"vc_column-inner\"><div class=\"wpb_text_column\"><div class=\"wpb_wrapper\"><p><strong>Marivent Yachts Test Centre, eine Sache der Empfindungen.<\/strong><\/p>\n<p>Heutzutage informieren sich 70 % der potenziellen Yachtk\u00e4ufer gr\u00fcndlich im Internet \u00fcber das gew\u00fcnschte Produkt, bevor sie mit einem Verk\u00e4ufer in Kontakt treten. An diesem Punkt k\u00f6nnen wir weiterhin Informationen austauschen und das ideale Boot f\u00fcr einen K\u00e4ufer konfigurieren. Aber es gibt immer noch den Faktor des Gef\u00fchls. An Bord zu gehen und \u00fcber das Deck zu gehen, das Ruder zu sp\u00fcren, die Kontrolle zu \u00fcbernehmen, den Gang sanft einzulegen und die Gashebel nach vorne zu schieben. Wir glauben an unser Produkt und m\u00f6chten, dass Sie sich Ihrer Entscheidung sicher sein k\u00f6nnen.<\/p>\n<p>Aus diesem Grund bieten wir Ihnen eine Probefahrt mit dem Boot Ihrer Wahl an, damit Sie es f\u00fchlen und sehen k\u00f6nnen, wie es sich auf See verh\u00e4lt. Verpassen Sie nicht die Gelegenheit und nehmen Sie Kontakt mit uns auf, wir werden ein Treffen organisieren, um Sie mit Ihrem neuen Boot in Kontakt zu bringen.<\/p>\n<\/div><\/div><div class=\"w-separator size_medium\"><\/div><div class=\"w-btn-wrapper align_none\"><a class=\"w-btn us-btn-style_1\" href=\"https:\/\/www.fjordyachts.de\/de\/kontaktiere\/\"><span class=\"w-btn-label\">Fordern Sie eine Probefahrt an<\/span><\/a><\/div><\/div><\/div><div class=\"wpb_column vc_column_container type_sticky\"><div class=\"vc_column-inner\"><div class=\"w-image align_none\"><div class=\"w-image-h\"><img decoding=\"async\" width=\"1024\" height=\"768\" src=\"https:\/\/www.fjordyachts.de\/wp-content\/uploads\/test-center-fjord-marivent-yachts-4.jpg\" class=\"attachment-full size-full\" alt=\"\" loading=\"lazy\" \/><\/div><\/div><\/div><\/div><\/div><\/div><\/section>\n","protected":false},"excerpt":{"rendered":"Marivent Yachts Test Centre, eine Sache der Empfindungen. Heutzutage informieren sich 70 % der potenziellen Yachtk\u00e4ufer gr\u00fcndlich im Internet \u00fcber das gew\u00fcnschte Produkt, bevor sie mit einem Verk\u00e4ufer in Kontakt treten. An diesem Punkt k\u00f6nnen wir weiterhin Informationen austauschen und das ideale Boot f\u00fcr einen K\u00e4ufer konfigurieren. Aber es gibt immer noch den Faktor des...","protected":false},"author":1,"featured_media":2103,"parent":0,"menu_order":0,"comment_status":"closed","ping_status":"closed","template":"","meta":{"_acf_changed":false,"footnotes":""},"brand":[],"brands-old":[],"class_list":["post-1367","page","type-page","status-publish","has-post-thumbnail","hentry"],"acf":[],"yoast_head":"<!-- This site is optimized with the Yoast SEO plugin v27.4 - https:\/\/yoast.com\/product\/yoast-seo-wordpress\/ -->\n<title>Testzentrum - Fjord Yachts<\/title>\n<meta name=\"robots\" content=\"index, follow, max-snippet:-1, max-image-preview:large, max-video-preview:-1\" \/>\n<link rel=\"canonical\" href=\"https:\/\/www.fjordyachts.de\/de\/testzentrum\/\" \/>\n<meta property=\"og:locale\" content=\"de_DE\" \/>\n<meta property=\"og:type\" content=\"article\" \/>\n<meta property=\"og:title\" content=\"Testzentrum - Fjord Yachts\" \/>\n<meta property=\"og:url\" content=\"https:\/\/www.fjordyachts.de\/de\/testzentrum\/\" \/>\n<meta property=\"og:site_name\" content=\"Fjord Yachts\" \/>\n<meta property=\"article:modified_time\" content=\"2025-09-03T17:11:48+00:00\" \/>\n<meta property=\"og:image\" content=\"https:\/\/www.fjordyachts.de\/wp-content\/uploads\/test-center-2025.jpg\" \/>\n\t<meta property=\"og:image:width\" content=\"1920\" \/>\n\t<meta property=\"og:image:height\" content=\"875\" \/>\n\t<meta property=\"og:image:type\" content=\"image\/jpeg\" \/>\n<meta name=\"twitter:card\" content=\"summary_large_image\" \/>\n<meta name=\"twitter:label1\" content=\"Gesch\u00e4tzte Lesezeit\" \/>\n\t<meta name=\"twitter:data1\" content=\"1\u00a0Minute\" \/>\n<script type=\"application\/ld+json\" class=\"yoast-schema-graph\">{\"@context\":\"https:\\\/\\\/schema.org\",\"@graph\":[{\"@type\":\"WebPage\",\"@id\":\"https:\\\/\\\/www.fjordyachts.de\\\/de\\\/testzentrum\\\/\",\"url\":\"https:\\\/\\\/www.fjordyachts.de\\\/de\\\/testzentrum\\\/\",\"name\":\"Testzentrum - Fjord Yachts\",\"isPartOf\":{\"@id\":\"https:\\\/\\\/www.fjordyachts.de\\\/#website\"},\"primaryImageOfPage\":{\"@id\":\"https:\\\/\\\/www.fjordyachts.de\\\/de\\\/testzentrum\\\/#primaryimage\"},\"image\":{\"@id\":\"https:\\\/\\\/www.fjordyachts.de\\\/de\\\/testzentrum\\\/#primaryimage\"},\"thumbnailUrl\":\"https:\\\/\\\/www.fjordyachts.de\\\/wp-content\\\/uploads\\\/test-center-2025.jpg\",\"datePublished\":\"2025-01-10T10:56:12+00:00\",\"dateModified\":\"2025-09-03T17:11:48+00:00\",\"breadcrumb\":{\"@id\":\"https:\\\/\\\/www.fjordyachts.de\\\/de\\\/testzentrum\\\/#breadcrumb\"},\"inLanguage\":\"de\",\"potentialAction\":[{\"@type\":\"ReadAction\",\"target\":[\"https:\\\/\\\/www.fjordyachts.de\\\/de\\\/testzentrum\\\/\"]}]},{\"@type\":\"ImageObject\",\"inLanguage\":\"de\",\"@id\":\"https:\\\/\\\/www.fjordyachts.de\\\/de\\\/testzentrum\\\/#primaryimage\",\"url\":\"https:\\\/\\\/www.fjordyachts.de\\\/wp-content\\\/uploads\\\/test-center-2025.jpg\",\"contentUrl\":\"https:\\\/\\\/www.fjordyachts.de\\\/wp-content\\\/uploads\\\/test-center-2025.jpg\",\"width\":1920,\"height\":875},{\"@type\":\"BreadcrumbList\",\"@id\":\"https:\\\/\\\/www.fjordyachts.de\\\/de\\\/testzentrum\\\/#breadcrumb\",\"itemListElement\":[{\"@type\":\"ListItem\",\"position\":1,\"name\":\"Home\",\"item\":\"https:\\\/\\\/www.fjordyachts.de\\\/de\\\/\"},{\"@type\":\"ListItem\",\"position\":2,\"name\":\"Testzentrum\"}]},{\"@type\":\"WebSite\",\"@id\":\"https:\\\/\\\/www.fjordyachts.de\\\/#website\",\"url\":\"https:\\\/\\\/www.fjordyachts.de\\\/\",\"name\":\"Fjord Yachts\",\"description\":\"\",\"publisher\":{\"@id\":\"https:\\\/\\\/www.fjordyachts.de\\\/#organization\"},\"potentialAction\":[{\"@type\":\"SearchAction\",\"target\":{\"@type\":\"EntryPoint\",\"urlTemplate\":\"https:\\\/\\\/www.fjordyachts.de\\\/?s={search_term_string}\"},\"query-input\":{\"@type\":\"PropertyValueSpecification\",\"valueRequired\":true,\"valueName\":\"search_term_string\"}}],\"inLanguage\":\"de\"},{\"@type\":\"Organization\",\"@id\":\"https:\\\/\\\/www.fjordyachts.de\\\/#organization\",\"name\":\"Fjord Yachts\",\"url\":\"https:\\\/\\\/www.fjordyachts.de\\\/\",\"logo\":{\"@type\":\"ImageObject\",\"inLanguage\":\"de\",\"@id\":\"https:\\\/\\\/www.fjordyachts.de\\\/#\\\/schema\\\/logo\\\/image\\\/\",\"url\":\"https:\\\/\\\/www.fjordyachts.de\\\/wp-content\\\/uploads\\\/fjord-yachts-black-a.svg\",\"contentUrl\":\"https:\\\/\\\/www.fjordyachts.de\\\/wp-content\\\/uploads\\\/fjord-yachts-black-a.svg\",\"width\":\"1920\",\"height\":\"1920\",\"caption\":\"Fjord Yachts\"},\"image\":{\"@id\":\"https:\\\/\\\/www.fjordyachts.de\\\/#\\\/schema\\\/logo\\\/image\\\/\"}}]}<\/script>\n<!-- \/ Yoast SEO plugin. -->","yoast_head_json":{"title":"Testzentrum - Fjord Yachts","robots":{"index":"index","follow":"follow","max-snippet":"max-snippet:-1","max-image-preview":"max-image-preview:large","max-video-preview":"max-video-preview:-1"},"canonical":"https:\/\/www.fjordyachts.de\/de\/testzentrum\/","og_locale":"de_DE","og_type":"article","og_title":"Testzentrum - Fjord Yachts","og_url":"https:\/\/www.fjordyachts.de\/de\/testzentrum\/","og_site_name":"Fjord Yachts","article_modified_time":"2025-09-03T17:11:48+00:00","og_image":[{"width":1920,"height":875,"url":"https:\/\/www.fjordyachts.de\/wp-content\/uploads\/test-center-2025.jpg","type":"image\/jpeg"}],"twitter_card":"summary_large_image","twitter_misc":{"Gesch\u00e4tzte Lesezeit":"1\u00a0Minute"},"schema":{"@context":"https:\/\/schema.org","@graph":[{"@type":"WebPage","@id":"https:\/\/www.fjordyachts.de\/de\/testzentrum\/","url":"https:\/\/www.fjordyachts.de\/de\/testzentrum\/","name":"Testzentrum - Fjord Yachts","isPartOf":{"@id":"https:\/\/www.fjordyachts.de\/#website"},"primaryImageOfPage":{"@id":"https:\/\/www.fjordyachts.de\/de\/testzentrum\/#primaryimage"},"image":{"@id":"https:\/\/www.fjordyachts.de\/de\/testzentrum\/#primaryimage"},"thumbnailUrl":"https:\/\/www.fjordyachts.de\/wp-content\/uploads\/test-center-2025.jpg","datePublished":"2025-01-10T10:56:12+00:00","dateModified":"2025-09-03T17:11:48+00:00","breadcrumb":{"@id":"https:\/\/www.fjordyachts.de\/de\/testzentrum\/#breadcrumb"},"inLanguage":"de","potentialAction":[{"@type":"ReadAction","target":["https:\/\/www.fjordyachts.de\/de\/testzentrum\/"]}]},{"@type":"ImageObject","inLanguage":"de","@id":"https:\/\/www.fjordyachts.de\/de\/testzentrum\/#primaryimage","url":"https:\/\/www.fjordyachts.de\/wp-content\/uploads\/test-center-2025.jpg","contentUrl":"https:\/\/www.fjordyachts.de\/wp-content\/uploads\/test-center-2025.jpg","width":1920,"height":875},{"@type":"BreadcrumbList","@id":"https:\/\/www.fjordyachts.de\/de\/testzentrum\/#breadcrumb","itemListElement":[{"@type":"ListItem","position":1,"name":"Home","item":"https:\/\/www.fjordyachts.de\/de\/"},{"@type":"ListItem","position":2,"name":"Testzentrum"}]},{"@type":"WebSite","@id":"https:\/\/www.fjordyachts.de\/#website","url":"https:\/\/www.fjordyachts.de\/","name":"Fjord Yachts","description":"","publisher":{"@id":"https:\/\/www.fjordyachts.de\/#organization"},"potentialAction":[{"@type":"SearchAction","target":{"@type":"EntryPoint","urlTemplate":"https:\/\/www.fjordyachts.de\/?s={search_term_string}"},"query-input":{"@type":"PropertyValueSpecification","valueRequired":true,"valueName":"search_term_string"}}],"inLanguage":"de"},{"@type":"Organization","@id":"https:\/\/www.fjordyachts.de\/#organization","name":"Fjord Yachts","url":"https:\/\/www.fjordyachts.de\/","logo":{"@type":"ImageObject","inLanguage":"de","@id":"https:\/\/www.fjordyachts.de\/#\/schema\/logo\/image\/","url":"https:\/\/www.fjordyachts.de\/wp-content\/uploads\/fjord-yachts-black-a.svg","contentUrl":"https:\/\/www.fjordyachts.de\/wp-content\/uploads\/fjord-yachts-black-a.svg","width":"1920","height":"1920","caption":"Fjord Yachts"},"image":{"@id":"https:\/\/www.fjordyachts.de\/#\/schema\/logo\/image\/"}}]}},"_links":{"self":[{"href":"https:\/\/www.fjordyachts.de\/de\/wp-json\/wp\/v2\/pages\/1367","targetHints":{"allow":["GET"]}}],"collection":[{"href":"https:\/\/www.fjordyachts.de\/de\/wp-json\/wp\/v2\/pages"}],"about":[{"href":"https:\/\/www.fjordyachts.de\/de\/wp-json\/wp\/v2\/types\/page"}],"author":[{"embeddable":true,"href":"https:\/\/www.fjordyachts.de\/de\/wp-json\/wp\/v2\/users\/1"}],"replies":[{"embeddable":true,"href":"https:\/\/www.fjordyachts.de\/de\/wp-json\/wp\/v2\/comments?post=1367"}],"version-history":[{"count":7,"href":"https:\/\/www.fjordyachts.de\/de\/wp-json\/wp\/v2\/pages\/1367\/revisions"}],"predecessor-version":[{"id":2156,"href":"https:\/\/www.fjordyachts.de\/de\/wp-json\/wp\/v2\/pages\/1367\/revisions\/2156"}],"wp:featuredmedia":[{"embeddable":true,"href":"https:\/\/www.fjordyachts.de\/de\/wp-json\/wp\/v2\/media\/2103"}],"wp:attachment":[{"href":"https:\/\/www.fjordyachts.de\/de\/wp-json\/wp\/v2\/media?parent=1367"}],"wp:term":[{"taxonomy":"brand","embeddable":true,"href":"https:\/\/www.fjordyachts.de\/de\/wp-json\/wp\/v2\/brand?post=1367"},{"taxonomy":"brands-old","embeddable":true,"href":"https:\/\/www.fjordyachts.de\/de\/wp-json\/wp\/v2\/brands-old?post=1367"}],"curies":[{"name":"wp","href":"https:\/\/api.w.org\/{rel}","templated":true}]}}