{"id":1373,"date":"2025-01-10T18:22:13","date_gmt":"2025-01-10T18:22:13","guid":{"rendered":"https:\/\/www.fjordyachts.de\/fjord-service-excellence\/"},"modified":"2025-09-03T18:18:08","modified_gmt":"2025-09-03T17:18:08","slug":"fjord-service-excellence","status":"publish","type":"page","link":"https:\/\/www.fjordyachts.de\/de\/fjord-service-excellence\/","title":{"rendered":"FJORD SERVICE Excellence"},"content":{"rendered":"<section class=\"l-section wpb_row us_custom_c1ec38f8 height_large with_img parallax_hor bgwidth_110\" id=\"more\"><div class=\"l-section-img\" role=\"img\" aria-label=\"Bild\" data-img-width=\"\" data-img-height=\"\" style=\"background-image: url(https:\/\/www.fjordyachts.de\/wp-content\/uploads\/2024\/12\/picto.svg);background-position: top right;background-repeat: no-repeat;background-size: contain;\"><\/div><div class=\"l-section-h i-cf\"><div class=\"g-cols vc_row via_grid cols_2 laptops-cols_inherit tablets-cols_inherit mobiles-cols_1 valign_top type_default reversed stacking_default\" style=\"--columns-gap:calc(3rem + 0.5rem);\"><div class=\"wpb_column vc_column_container us_custom_7e20fa79 us_animate_this\"><div class=\"vc_column-inner\"><div class=\"wpb_text_column\"><div class=\"wpb_wrapper\"><p>Seit 2014 sind wir stolzer H\u00e4ndler f\u00fcr Fjord-Yachten. Entdecken Sie die gesamte Palette der Fjord-Bootsmodelle und genie\u00dfen Sie den Rundum-Service, der uns auszeichnet. Als bester H\u00e4ndler des Jahres sind wir stolz darauf, der weltweit f\u00fchrende Fjord-Yachth\u00e4ndler zu sein.<\/p>\n<p>Wir bieten nicht nur eine un\u00fcbertroffene Auswahl an Fjord-Yachten zum Verkauf, sondern sind auch f\u00fcr unseren au\u00dfergew\u00f6hnlichen Service bekannt, der die Erwartungen unserer Kunden \u00fcbertrifft.<\/p>\n<\/div><\/div><div class=\"w-separator size_medium\"><\/div><div class=\"w-btn-wrapper align_none\"><a class=\"w-btn us-btn-style_1\" href=\"https:\/\/www.fjordyachts.de\/de\/fjord\/\"><span class=\"w-btn-label\">Modelle<\/span><\/a><\/div><div class=\"w-btn-wrapper align_none\"><a class=\"w-btn us-btn-style_1\" href=\"https:\/\/www.fjordyachts.de\/de\/kontaktiere\/\"><span class=\"w-btn-label\">Kontaktiere<\/span><\/a><\/div><\/div><\/div><div class=\"wpb_column vc_column_container us_custom_ba870b58 us_animate_this\"><div class=\"vc_column-inner\"><h2 class=\"w-text\"><span class=\"w-text-h\"><span class=\"w-text-value\">FJORD SERVICE Excellence<\/span><\/span><\/h2><\/div><\/div><\/div><\/div><\/section>\n","protected":false},"excerpt":{"rendered":"Seit 2014 sind wir stolzer H\u00e4ndler f\u00fcr Fjord-Yachten. Entdecken Sie die gesamte Palette der Fjord-Bootsmodelle und genie\u00dfen Sie den Rundum-Service, der uns auszeichnet. Als bester H\u00e4ndler des Jahres sind wir stolz darauf, der weltweit f\u00fchrende Fjord-Yachth\u00e4ndler zu sein. Wir bieten nicht nur eine un\u00fcbertroffene Auswahl an Fjord-Yachten zum Verkauf, sondern sind auch f\u00fcr unseren au\u00dfergew\u00f6hnlichen...","protected":false},"author":1,"featured_media":0,"parent":0,"menu_order":0,"comment_status":"closed","ping_status":"closed","template":"","meta":{"_acf_changed":false,"footnotes":""},"brand":[],"brands-old":[],"class_list":["post-1373","page","type-page","status-publish","hentry"],"acf":[],"yoast_head":"<!-- This site is optimized with the Yoast SEO plugin v27.4 - https:\/\/yoast.com\/product\/yoast-seo-wordpress\/ -->\n<title>FJORD SERVICE Excellence - Fjord Yachts<\/title>\n<meta name=\"robots\" content=\"index, follow, max-snippet:-1, max-image-preview:large, max-video-preview:-1\" \/>\n<link rel=\"canonical\" href=\"https:\/\/www.fjordyachts.de\/de\/fjord-service-excellence\/\" \/>\n<meta property=\"og:locale\" content=\"de_DE\" \/>\n<meta property=\"og:type\" content=\"article\" \/>\n<meta property=\"og:title\" content=\"FJORD SERVICE Excellence - Fjord Yachts\" \/>\n<meta property=\"og:url\" content=\"https:\/\/www.fjordyachts.de\/de\/fjord-service-excellence\/\" \/>\n<meta property=\"og:site_name\" content=\"Fjord Yachts\" \/>\n<meta property=\"article:modified_time\" content=\"2025-09-03T17:18:08+00:00\" \/>\n<meta name=\"twitter:card\" content=\"summary_large_image\" \/>\n<meta name=\"twitter:label1\" content=\"Gesch\u00e4tzte Lesezeit\" \/>\n\t<meta name=\"twitter:data1\" content=\"1\u00a0Minute\" \/>\n<script type=\"application\/ld+json\" class=\"yoast-schema-graph\">{\"@context\":\"https:\\\/\\\/schema.org\",\"@graph\":[{\"@type\":\"WebPage\",\"@id\":\"https:\\\/\\\/www.fjordyachts.de\\\/de\\\/fjord-service-excellence\\\/\",\"url\":\"https:\\\/\\\/www.fjordyachts.de\\\/de\\\/fjord-service-excellence\\\/\",\"name\":\"FJORD SERVICE Excellence - Fjord Yachts\",\"isPartOf\":{\"@id\":\"https:\\\/\\\/www.fjordyachts.de\\\/#website\"},\"datePublished\":\"2025-01-10T18:22:13+00:00\",\"dateModified\":\"2025-09-03T17:18:08+00:00\",\"breadcrumb\":{\"@id\":\"https:\\\/\\\/www.fjordyachts.de\\\/de\\\/fjord-service-excellence\\\/#breadcrumb\"},\"inLanguage\":\"de\",\"potentialAction\":[{\"@type\":\"ReadAction\",\"target\":[\"https:\\\/\\\/www.fjordyachts.de\\\/de\\\/fjord-service-excellence\\\/\"]}]},{\"@type\":\"BreadcrumbList\",\"@id\":\"https:\\\/\\\/www.fjordyachts.de\\\/de\\\/fjord-service-excellence\\\/#breadcrumb\",\"itemListElement\":[{\"@type\":\"ListItem\",\"position\":1,\"name\":\"Home\",\"item\":\"https:\\\/\\\/www.fjordyachts.de\\\/de\\\/\"},{\"@type\":\"ListItem\",\"position\":2,\"name\":\"FJORD SERVICE Excellence\"}]},{\"@type\":\"WebSite\",\"@id\":\"https:\\\/\\\/www.fjordyachts.de\\\/#website\",\"url\":\"https:\\\/\\\/www.fjordyachts.de\\\/\",\"name\":\"Fjord Yachts\",\"description\":\"\",\"publisher\":{\"@id\":\"https:\\\/\\\/www.fjordyachts.de\\\/#organization\"},\"potentialAction\":[{\"@type\":\"SearchAction\",\"target\":{\"@type\":\"EntryPoint\",\"urlTemplate\":\"https:\\\/\\\/www.fjordyachts.de\\\/?s={search_term_string}\"},\"query-input\":{\"@type\":\"PropertyValueSpecification\",\"valueRequired\":true,\"valueName\":\"search_term_string\"}}],\"inLanguage\":\"de\"},{\"@type\":\"Organization\",\"@id\":\"https:\\\/\\\/www.fjordyachts.de\\\/#organization\",\"name\":\"Fjord Yachts\",\"url\":\"https:\\\/\\\/www.fjordyachts.de\\\/\",\"logo\":{\"@type\":\"ImageObject\",\"inLanguage\":\"de\",\"@id\":\"https:\\\/\\\/www.fjordyachts.de\\\/#\\\/schema\\\/logo\\\/image\\\/\",\"url\":\"https:\\\/\\\/www.fjordyachts.de\\\/wp-content\\\/uploads\\\/fjord-yachts-black-a.svg\",\"contentUrl\":\"https:\\\/\\\/www.fjordyachts.de\\\/wp-content\\\/uploads\\\/fjord-yachts-black-a.svg\",\"width\":\"1920\",\"height\":\"1920\",\"caption\":\"Fjord Yachts\"},\"image\":{\"@id\":\"https:\\\/\\\/www.fjordyachts.de\\\/#\\\/schema\\\/logo\\\/image\\\/\"}}]}<\/script>\n<!-- \/ Yoast SEO plugin. -->","yoast_head_json":{"title":"FJORD SERVICE Excellence - Fjord Yachts","robots":{"index":"index","follow":"follow","max-snippet":"max-snippet:-1","max-image-preview":"max-image-preview:large","max-video-preview":"max-video-preview:-1"},"canonical":"https:\/\/www.fjordyachts.de\/de\/fjord-service-excellence\/","og_locale":"de_DE","og_type":"article","og_title":"FJORD SERVICE Excellence - Fjord Yachts","og_url":"https:\/\/www.fjordyachts.de\/de\/fjord-service-excellence\/","og_site_name":"Fjord Yachts","article_modified_time":"2025-09-03T17:18:08+00:00","twitter_card":"summary_large_image","twitter_misc":{"Gesch\u00e4tzte Lesezeit":"1\u00a0Minute"},"schema":{"@context":"https:\/\/schema.org","@graph":[{"@type":"WebPage","@id":"https:\/\/www.fjordyachts.de\/de\/fjord-service-excellence\/","url":"https:\/\/www.fjordyachts.de\/de\/fjord-service-excellence\/","name":"FJORD SERVICE Excellence - Fjord Yachts","isPartOf":{"@id":"https:\/\/www.fjordyachts.de\/#website"},"datePublished":"2025-01-10T18:22:13+00:00","dateModified":"2025-09-03T17:18:08+00:00","breadcrumb":{"@id":"https:\/\/www.fjordyachts.de\/de\/fjord-service-excellence\/#breadcrumb"},"inLanguage":"de","potentialAction":[{"@type":"ReadAction","target":["https:\/\/www.fjordyachts.de\/de\/fjord-service-excellence\/"]}]},{"@type":"BreadcrumbList","@id":"https:\/\/www.fjordyachts.de\/de\/fjord-service-excellence\/#breadcrumb","itemListElement":[{"@type":"ListItem","position":1,"name":"Home","item":"https:\/\/www.fjordyachts.de\/de\/"},{"@type":"ListItem","position":2,"name":"FJORD SERVICE Excellence"}]},{"@type":"WebSite","@id":"https:\/\/www.fjordyachts.de\/#website","url":"https:\/\/www.fjordyachts.de\/","name":"Fjord Yachts","description":"","publisher":{"@id":"https:\/\/www.fjordyachts.de\/#organization"},"potentialAction":[{"@type":"SearchAction","target":{"@type":"EntryPoint","urlTemplate":"https:\/\/www.fjordyachts.de\/?s={search_term_string}"},"query-input":{"@type":"PropertyValueSpecification","valueRequired":true,"valueName":"search_term_string"}}],"inLanguage":"de"},{"@type":"Organization","@id":"https:\/\/www.fjordyachts.de\/#organization","name":"Fjord Yachts","url":"https:\/\/www.fjordyachts.de\/","logo":{"@type":"ImageObject","inLanguage":"de","@id":"https:\/\/www.fjordyachts.de\/#\/schema\/logo\/image\/","url":"https:\/\/www.fjordyachts.de\/wp-content\/uploads\/fjord-yachts-black-a.svg","contentUrl":"https:\/\/www.fjordyachts.de\/wp-content\/uploads\/fjord-yachts-black-a.svg","width":"1920","height":"1920","caption":"Fjord Yachts"},"image":{"@id":"https:\/\/www.fjordyachts.de\/#\/schema\/logo\/image\/"}}]}},"_links":{"self":[{"href":"https:\/\/www.fjordyachts.de\/de\/wp-json\/wp\/v2\/pages\/1373","targetHints":{"allow":["GET"]}}],"collection":[{"href":"https:\/\/www.fjordyachts.de\/de\/wp-json\/wp\/v2\/pages"}],"about":[{"href":"https:\/\/www.fjordyachts.de\/de\/wp-json\/wp\/v2\/types\/page"}],"author":[{"embeddable":true,"href":"https:\/\/www.fjordyachts.de\/de\/wp-json\/wp\/v2\/users\/1"}],"replies":[{"embeddable":true,"href":"https:\/\/www.fjordyachts.de\/de\/wp-json\/wp\/v2\/comments?post=1373"}],"version-history":[{"count":2,"href":"https:\/\/www.fjordyachts.de\/de\/wp-json\/wp\/v2\/pages\/1373\/revisions"}],"predecessor-version":[{"id":2159,"href":"https:\/\/www.fjordyachts.de\/de\/wp-json\/wp\/v2\/pages\/1373\/revisions\/2159"}],"wp:attachment":[{"href":"https:\/\/www.fjordyachts.de\/de\/wp-json\/wp\/v2\/media?parent=1373"}],"wp:term":[{"taxonomy":"brand","embeddable":true,"href":"https:\/\/www.fjordyachts.de\/de\/wp-json\/wp\/v2\/brand?post=1373"},{"taxonomy":"brands-old","embeddable":true,"href":"https:\/\/www.fjordyachts.de\/de\/wp-json\/wp\/v2\/brands-old?post=1373"}],"curies":[{"name":"wp","href":"https:\/\/api.w.org\/{rel}","templated":true}]}}