{"id":1377,"date":"2025-01-10T17:19:45","date_gmt":"2025-01-10T17:19:45","guid":{"rendered":"https:\/\/www.fjordyachts.de\/german-quality\/"},"modified":"2025-03-24T17:16:21","modified_gmt":"2025-03-24T17:16:21","slug":"deutsche-qualitaet","status":"publish","type":"page","link":"https:\/\/www.fjordyachts.de\/de\/deutsche-qualitaet\/","title":{"rendered":"Deutsche Qualit\u00e4t"},"content":{"rendered":"<section class=\"l-section wpb_row us_custom_c1ec38f8 height_large with_img parallax_hor bgwidth_110\" id=\"more\"><div class=\"l-section-img\" role=\"img\" aria-label=\"Bild\" data-img-width=\"\" data-img-height=\"\" style=\"background-image: url(https:\/\/www.fjordyachts.de\/wp-content\/uploads\/2024\/12\/picto.svg);background-position: top right;background-repeat: no-repeat;background-size: contain;\"><\/div><div class=\"l-section-h i-cf\"><div class=\"g-cols vc_row via_grid cols_2 laptops-cols_inherit tablets-cols_inherit mobiles-cols_1 valign_top type_default reversed stacking_default\" style=\"--columns-gap:calc(3rem + 0.5rem);\"><div class=\"wpb_column vc_column_container us_custom_7e20fa79 us_animate_this\"><div class=\"vc_column-inner\"><div class=\"wpb_text_column\"><div class=\"wpb_wrapper\"><p><span>FJORD st\u00fctzt sich bei Entwicklung und Bau der Yachten auf die jahrzehntelange Erfahrung der HanseYachts AG und ein hochengagiertes Team mit gro\u00dfer Leidenschaft f\u00fcr das Meer und den Yachtbau. Unsere professionelle Fertigung sorgt f\u00fcr die Eleganz, den Luxus und die anspruchsvollen Details jeder FJORD. Die kraftvollen und sicheren Yachten stellen dabei ihre Qualit\u00e4t auch unter h\u00e4rtesten Praxisbedingungen unter Beweis.<\/span><\/p>\n<\/div><\/div><\/div><\/div><div class=\"wpb_column vc_column_container us_custom_ba870b58 us_animate_this\"><div class=\"vc_column-inner\"><h2 class=\"w-text\"><span class=\"w-text-h\"><span class=\"w-text-value\">Perfekte Fertigung<\/span><\/span><\/h2><\/div><\/div><\/div><\/div><\/section><section class=\"l-section wpb_row height_huge color_primary with_img parallax_ver\"><div class=\"l-section-img\" role=\"img\" aria-label=\"Bild\" data-img-width=\"1920\" data-img-height=\"2560\" style=\"background-image: url(https:\/\/www.fjordyachts.de\/wp-content\/uploads\/fjord-53-xl-exterior-5-scaled.jpg);\"><\/div><div class=\"l-section-overlay\" style=\"background:var(--color-alt-content-overlay-grad, var(--color-alt-content-overlay) )\"><\/div><div class=\"l-section-h i-cf\"><div class=\"g-cols vc_row via_grid cols_1 laptops-cols_inherit tablets-cols_inherit mobiles-cols_1 valign_middle type_boxes stacking_default\"><div class=\"wpb_column vc_column_container us_custom_eb849559\"><div class=\"vc_column-inner\"><h2 class=\"w-text us_custom_eb849559\"><span class=\"w-text-h\"><span class=\"w-text-value\">Fjord: Your Yacht of Choice<\/span><\/span><\/h2><\/div><\/div><\/div><\/div><\/section><section class=\"l-section wpb_row us_custom_c1ec38f8 height_large with_img parallax_hor bgwidth_110\" id=\"more\"><div class=\"l-section-img\" role=\"img\" aria-label=\"Bild\" data-img-width=\"\" data-img-height=\"\" style=\"background-image: url(https:\/\/www.fjordyachts.de\/wp-content\/uploads\/2024\/12\/picto.svg);background-position: top right;background-repeat: no-repeat;background-size: contain;\"><\/div><div class=\"l-section-h i-cf\"><div class=\"g-cols vc_row via_grid cols_2 laptops-cols_inherit tablets-cols_inherit mobiles-cols_1 valign_top type_default reversed stacking_default\" style=\"--columns-gap:calc(3rem + 0.5rem);\"><div class=\"wpb_column vc_column_container us_custom_7e20fa79 us_animate_this\"><div class=\"vc_column-inner\"><div class=\"wpb_text_column\"><div class=\"wpb_wrapper\"><p>FJORD setzt Ma\u00dfst\u00e4be. Exzellente Technik und smartes Design sorgen f\u00fcr ein unvergleichliches Erlebnis auf See. Innovative Konstruktions- und Designl\u00f6sungen, eine optimale Raumaufteilung, die Nutzung jeden verf\u00fcgbaren Zentimeters, gro\u00dfz\u00fcgiger Stauraum, Komfort und Sicherheit sind dabei stets im Fokus.<\/p>\n<p>Und intelligente L\u00f6sungen wie beispielsweise multifunktionale Tische und Sitzgelegenheiten erm\u00f6glichen eine flexible Nutzung der Yachten \u2013 ganz nach Ihren individuellen Bed\u00fcrfnissen und Vorlieben.<\/p>\n<\/div><\/div><div class=\"w-separator size_medium\"><\/div><div class=\"w-btn-wrapper align_none\"><a class=\"w-btn us-btn-style_1\" href=\"https:\/\/www.fjordyachts.de\/de\/fjord\/\"><span class=\"w-btn-label\">Entdecken Sie die Modelle<\/span><\/a><\/div><\/div><\/div><div class=\"wpb_column vc_column_container us_custom_ba870b58 us_animate_this\"><div class=\"vc_column-inner\"><h2 class=\"w-text\"><span class=\"w-text-h\"><span class=\"w-text-value\">Viel mehr als eine Serienyacht<\/span><\/span><\/h2><\/div><\/div><\/div><\/div><\/section>\n","protected":false},"excerpt":{"rendered":"FJORD st\u00fctzt sich bei Entwicklung und Bau der Yachten auf die jahrzehntelange Erfahrung der HanseYachts AG und ein hochengagiertes Team mit gro\u00dfer Leidenschaft f\u00fcr das Meer und den Yachtbau. Unsere professionelle Fertigung sorgt f\u00fcr die Eleganz, den Luxus und die anspruchsvollen Details jeder FJORD. Die kraftvollen und sicheren Yachten stellen dabei ihre Qualit\u00e4t auch unter...","protected":false},"author":1,"featured_media":823,"parent":0,"menu_order":0,"comment_status":"closed","ping_status":"closed","template":"","meta":{"_acf_changed":false,"footnotes":""},"brand":[],"brands-old":[],"class_list":["post-1377","page","type-page","status-publish","has-post-thumbnail","hentry"],"acf":[],"yoast_head":"<!-- This site is optimized with the Yoast SEO plugin v27.4 - https:\/\/yoast.com\/product\/yoast-seo-wordpress\/ -->\n<title>Deutsche Qualit\u00e4t - Fjord Yachts<\/title>\n<meta name=\"robots\" content=\"index, follow, max-snippet:-1, max-image-preview:large, max-video-preview:-1\" \/>\n<link rel=\"canonical\" href=\"https:\/\/www.fjordyachts.de\/de\/deutsche-qualitaet\/\" \/>\n<meta property=\"og:locale\" content=\"de_DE\" \/>\n<meta property=\"og:type\" content=\"article\" \/>\n<meta property=\"og:title\" content=\"Deutsche Qualit\u00e4t - Fjord Yachts\" \/>\n<meta property=\"og:url\" content=\"https:\/\/www.fjordyachts.de\/de\/deutsche-qualitaet\/\" \/>\n<meta property=\"og:site_name\" content=\"Fjord Yachts\" \/>\n<meta property=\"article:modified_time\" content=\"2025-03-24T17:16:21+00:00\" \/>\n<meta property=\"og:image\" content=\"https:\/\/www.fjordyachts.de\/wp-content\/uploads\/fjord-53-xl-exterior-5-scaled.jpg\" \/>\n\t<meta property=\"og:image:width\" content=\"1920\" \/>\n\t<meta property=\"og:image:height\" content=\"2560\" \/>\n\t<meta property=\"og:image:type\" content=\"image\/jpeg\" \/>\n<meta name=\"twitter:card\" content=\"summary_large_image\" \/>\n<meta name=\"twitter:label1\" content=\"Gesch\u00e4tzte Lesezeit\" \/>\n\t<meta name=\"twitter:data1\" content=\"2\u00a0Minuten\" \/>\n<script type=\"application\/ld+json\" class=\"yoast-schema-graph\">{\"@context\":\"https:\\\/\\\/schema.org\",\"@graph\":[{\"@type\":\"WebPage\",\"@id\":\"https:\\\/\\\/www.fjordyachts.de\\\/de\\\/deutsche-qualitaet\\\/\",\"url\":\"https:\\\/\\\/www.fjordyachts.de\\\/de\\\/deutsche-qualitaet\\\/\",\"name\":\"Deutsche Qualit\u00e4t - Fjord Yachts\",\"isPartOf\":{\"@id\":\"https:\\\/\\\/www.fjordyachts.de\\\/#website\"},\"primaryImageOfPage\":{\"@id\":\"https:\\\/\\\/www.fjordyachts.de\\\/de\\\/deutsche-qualitaet\\\/#primaryimage\"},\"image\":{\"@id\":\"https:\\\/\\\/www.fjordyachts.de\\\/de\\\/deutsche-qualitaet\\\/#primaryimage\"},\"thumbnailUrl\":\"https:\\\/\\\/www.fjordyachts.de\\\/wp-content\\\/uploads\\\/fjord-53-xl-exterior-5-scaled.jpg\",\"datePublished\":\"2025-01-10T17:19:45+00:00\",\"dateModified\":\"2025-03-24T17:16:21+00:00\",\"breadcrumb\":{\"@id\":\"https:\\\/\\\/www.fjordyachts.de\\\/de\\\/deutsche-qualitaet\\\/#breadcrumb\"},\"inLanguage\":\"de\",\"potentialAction\":[{\"@type\":\"ReadAction\",\"target\":[\"https:\\\/\\\/www.fjordyachts.de\\\/de\\\/deutsche-qualitaet\\\/\"]}]},{\"@type\":\"ImageObject\",\"inLanguage\":\"de\",\"@id\":\"https:\\\/\\\/www.fjordyachts.de\\\/de\\\/deutsche-qualitaet\\\/#primaryimage\",\"url\":\"https:\\\/\\\/www.fjordyachts.de\\\/wp-content\\\/uploads\\\/fjord-53-xl-exterior-5-scaled.jpg\",\"contentUrl\":\"https:\\\/\\\/www.fjordyachts.de\\\/wp-content\\\/uploads\\\/fjord-53-xl-exterior-5-scaled.jpg\",\"width\":1920,\"height\":2560},{\"@type\":\"BreadcrumbList\",\"@id\":\"https:\\\/\\\/www.fjordyachts.de\\\/de\\\/deutsche-qualitaet\\\/#breadcrumb\",\"itemListElement\":[{\"@type\":\"ListItem\",\"position\":1,\"name\":\"Home\",\"item\":\"https:\\\/\\\/www.fjordyachts.de\\\/de\\\/\"},{\"@type\":\"ListItem\",\"position\":2,\"name\":\"Deutsche Qualit\u00e4t\"}]},{\"@type\":\"WebSite\",\"@id\":\"https:\\\/\\\/www.fjordyachts.de\\\/#website\",\"url\":\"https:\\\/\\\/www.fjordyachts.de\\\/\",\"name\":\"Fjord Yachts\",\"description\":\"\",\"publisher\":{\"@id\":\"https:\\\/\\\/www.fjordyachts.de\\\/#organization\"},\"potentialAction\":[{\"@type\":\"SearchAction\",\"target\":{\"@type\":\"EntryPoint\",\"urlTemplate\":\"https:\\\/\\\/www.fjordyachts.de\\\/?s={search_term_string}\"},\"query-input\":{\"@type\":\"PropertyValueSpecification\",\"valueRequired\":true,\"valueName\":\"search_term_string\"}}],\"inLanguage\":\"de\"},{\"@type\":\"Organization\",\"@id\":\"https:\\\/\\\/www.fjordyachts.de\\\/#organization\",\"name\":\"Fjord Yachts\",\"url\":\"https:\\\/\\\/www.fjordyachts.de\\\/\",\"logo\":{\"@type\":\"ImageObject\",\"inLanguage\":\"de\",\"@id\":\"https:\\\/\\\/www.fjordyachts.de\\\/#\\\/schema\\\/logo\\\/image\\\/\",\"url\":\"https:\\\/\\\/www.fjordyachts.de\\\/wp-content\\\/uploads\\\/fjord-yachts-black-a.svg\",\"contentUrl\":\"https:\\\/\\\/www.fjordyachts.de\\\/wp-content\\\/uploads\\\/fjord-yachts-black-a.svg\",\"width\":\"1920\",\"height\":\"1920\",\"caption\":\"Fjord Yachts\"},\"image\":{\"@id\":\"https:\\\/\\\/www.fjordyachts.de\\\/#\\\/schema\\\/logo\\\/image\\\/\"}}]}<\/script>\n<!-- \/ Yoast SEO plugin. -->","yoast_head_json":{"title":"Deutsche Qualit\u00e4t - Fjord Yachts","robots":{"index":"index","follow":"follow","max-snippet":"max-snippet:-1","max-image-preview":"max-image-preview:large","max-video-preview":"max-video-preview:-1"},"canonical":"https:\/\/www.fjordyachts.de\/de\/deutsche-qualitaet\/","og_locale":"de_DE","og_type":"article","og_title":"Deutsche Qualit\u00e4t - Fjord Yachts","og_url":"https:\/\/www.fjordyachts.de\/de\/deutsche-qualitaet\/","og_site_name":"Fjord Yachts","article_modified_time":"2025-03-24T17:16:21+00:00","og_image":[{"width":1920,"height":2560,"url":"https:\/\/www.fjordyachts.de\/wp-content\/uploads\/fjord-53-xl-exterior-5-scaled.jpg","type":"image\/jpeg"}],"twitter_card":"summary_large_image","twitter_misc":{"Gesch\u00e4tzte Lesezeit":"2\u00a0Minuten"},"schema":{"@context":"https:\/\/schema.org","@graph":[{"@type":"WebPage","@id":"https:\/\/www.fjordyachts.de\/de\/deutsche-qualitaet\/","url":"https:\/\/www.fjordyachts.de\/de\/deutsche-qualitaet\/","name":"Deutsche Qualit\u00e4t - Fjord Yachts","isPartOf":{"@id":"https:\/\/www.fjordyachts.de\/#website"},"primaryImageOfPage":{"@id":"https:\/\/www.fjordyachts.de\/de\/deutsche-qualitaet\/#primaryimage"},"image":{"@id":"https:\/\/www.fjordyachts.de\/de\/deutsche-qualitaet\/#primaryimage"},"thumbnailUrl":"https:\/\/www.fjordyachts.de\/wp-content\/uploads\/fjord-53-xl-exterior-5-scaled.jpg","datePublished":"2025-01-10T17:19:45+00:00","dateModified":"2025-03-24T17:16:21+00:00","breadcrumb":{"@id":"https:\/\/www.fjordyachts.de\/de\/deutsche-qualitaet\/#breadcrumb"},"inLanguage":"de","potentialAction":[{"@type":"ReadAction","target":["https:\/\/www.fjordyachts.de\/de\/deutsche-qualitaet\/"]}]},{"@type":"ImageObject","inLanguage":"de","@id":"https:\/\/www.fjordyachts.de\/de\/deutsche-qualitaet\/#primaryimage","url":"https:\/\/www.fjordyachts.de\/wp-content\/uploads\/fjord-53-xl-exterior-5-scaled.jpg","contentUrl":"https:\/\/www.fjordyachts.de\/wp-content\/uploads\/fjord-53-xl-exterior-5-scaled.jpg","width":1920,"height":2560},{"@type":"BreadcrumbList","@id":"https:\/\/www.fjordyachts.de\/de\/deutsche-qualitaet\/#breadcrumb","itemListElement":[{"@type":"ListItem","position":1,"name":"Home","item":"https:\/\/www.fjordyachts.de\/de\/"},{"@type":"ListItem","position":2,"name":"Deutsche Qualit\u00e4t"}]},{"@type":"WebSite","@id":"https:\/\/www.fjordyachts.de\/#website","url":"https:\/\/www.fjordyachts.de\/","name":"Fjord Yachts","description":"","publisher":{"@id":"https:\/\/www.fjordyachts.de\/#organization"},"potentialAction":[{"@type":"SearchAction","target":{"@type":"EntryPoint","urlTemplate":"https:\/\/www.fjordyachts.de\/?s={search_term_string}"},"query-input":{"@type":"PropertyValueSpecification","valueRequired":true,"valueName":"search_term_string"}}],"inLanguage":"de"},{"@type":"Organization","@id":"https:\/\/www.fjordyachts.de\/#organization","name":"Fjord Yachts","url":"https:\/\/www.fjordyachts.de\/","logo":{"@type":"ImageObject","inLanguage":"de","@id":"https:\/\/www.fjordyachts.de\/#\/schema\/logo\/image\/","url":"https:\/\/www.fjordyachts.de\/wp-content\/uploads\/fjord-yachts-black-a.svg","contentUrl":"https:\/\/www.fjordyachts.de\/wp-content\/uploads\/fjord-yachts-black-a.svg","width":"1920","height":"1920","caption":"Fjord Yachts"},"image":{"@id":"https:\/\/www.fjordyachts.de\/#\/schema\/logo\/image\/"}}]}},"_links":{"self":[{"href":"https:\/\/www.fjordyachts.de\/de\/wp-json\/wp\/v2\/pages\/1377","targetHints":{"allow":["GET"]}}],"collection":[{"href":"https:\/\/www.fjordyachts.de\/de\/wp-json\/wp\/v2\/pages"}],"about":[{"href":"https:\/\/www.fjordyachts.de\/de\/wp-json\/wp\/v2\/types\/page"}],"author":[{"embeddable":true,"href":"https:\/\/www.fjordyachts.de\/de\/wp-json\/wp\/v2\/users\/1"}],"replies":[{"embeddable":true,"href":"https:\/\/www.fjordyachts.de\/de\/wp-json\/wp\/v2\/comments?post=1377"}],"version-history":[{"count":3,"href":"https:\/\/www.fjordyachts.de\/de\/wp-json\/wp\/v2\/pages\/1377\/revisions"}],"predecessor-version":[{"id":1445,"href":"https:\/\/www.fjordyachts.de\/de\/wp-json\/wp\/v2\/pages\/1377\/revisions\/1445"}],"wp:featuredmedia":[{"embeddable":true,"href":"https:\/\/www.fjordyachts.de\/de\/wp-json\/wp\/v2\/media\/823"}],"wp:attachment":[{"href":"https:\/\/www.fjordyachts.de\/de\/wp-json\/wp\/v2\/media?parent=1377"}],"wp:term":[{"taxonomy":"brand","embeddable":true,"href":"https:\/\/www.fjordyachts.de\/de\/wp-json\/wp\/v2\/brand?post=1377"},{"taxonomy":"brands-old","embeddable":true,"href":"https:\/\/www.fjordyachts.de\/de\/wp-json\/wp\/v2\/brands-old?post=1377"}],"curies":[{"name":"wp","href":"https:\/\/api.w.org\/{rel}","templated":true}]}}