{"id":1379,"date":"2025-03-06T06:55:54","date_gmt":"2025-03-06T06:55:54","guid":{"rendered":"https:\/\/www.fjordyachts.de\/blog\/"},"modified":"2025-03-24T17:57:12","modified_gmt":"2025-03-24T17:57:12","slug":"blog","status":"publish","type":"page","link":"https:\/\/www.fjordyachts.de\/de\/blog\/","title":{"rendered":"Blog"},"content":{"rendered":"<section class=\"l-section wpb_row us_custom_c0dfc885 has_text_color us_animate_this height_large width_full with_img parallax_ver\"><div class=\"l-section-img\" role=\"img\" aria-label=\"Bild\" data-img-width=\"1920\" data-img-height=\"1920\" style=\"background-image: url(https:\/\/www.fjordyachts.de\/wp-content\/uploads\/fjord-news-490-open-exterior-1.jpg);\"><\/div><div class=\"l-section-overlay\" style=\"background:var(--color-alt-content-overlay-grad, var(--color-alt-content-overlay) )\"><\/div><div class=\"l-section-h i-cf\"><div class=\"g-cols vc_row via_grid cols_1 laptops-cols_inherit tablets-cols_inherit mobiles-cols_1 valign_bottom type_default stacking_default\"><div class=\"wpb_column vc_column_container\"><div class=\"vc_column-inner\"><div class=\"wpb_text_column us_custom_eb849559\"><div class=\"wpb_wrapper\"><h1>Blog<\/h1>\n<\/div><\/div><div class=\"w-separator size_custom\" style=\"height:5vh\"><\/div><\/div><\/div><\/div><\/div><\/section><section class=\"l-section wpb_row us_custom_583c6a76 height_large width_full\"><div class=\"l-section-h i-cf\"><div class=\"g-cols vc_row via_grid cols_1 laptops-cols_inherit tablets-cols_inherit mobiles-cols_1 valign_top type_default stacking_default\"><div class=\"wpb_column vc_column_container\"><div class=\"vc_column-inner\"><div class=\"w-grid us_grid type_grid layout_1209 cols_3 pagination_ajax preload_style_spinner\" id=\"us_grid_1\" style=\"--columns:3;--gap:1.5rem;\" data-filterable=\"true\"><style>@media (max-width:1024px){#us_grid_1{--columns:2!important}}@media (max-width:600px){#us_grid_1{--columns:1!important}}.layout_1209 .w-grid-item-h{}.layout_1209 .usg_post_image_1{margin-bottom:1rem!important}.layout_1209 .usg_post_title_1{font-size:1.4rem!important;margin-bottom:0.5rem!important}.layout_1209 .usg_post_content_1{max-width:600px!important;margin-top:0.5rem!important}<\/style><div class=\"w-grid-list\">\t<article class=\"w-grid-item size_1x1 post-2279 post type-post status-publish format-standard has-post-thumbnail hentry category-unkategorisiert\" data-id=\"2279\">\r\n\t\t<div class=\"w-grid-item-h\">\r\n\t\t\t\t\t\t\t<a href=\"https:\/\/www.fjordyachts.de\/de\/2026\/02\/27\/fjord-veers-the-storm-and-remains-a-benchmark-in-the-second-hand-market\/\" class=\"w-grid-item-anchor\" aria-label=\"Fjord veers the storm and remains a benchmark in the second-hand market\"><\/a>\r\n\t\t\t\t\t\t<div class=\"w-post-elm post_image usg_post_image_1 has_ratio\"><img loading=\"lazy\" decoding=\"async\" width=\"1024\" height=\"683\" src=\"https:\/\/www.fjordyachts.de\/wp-content\/uploads\/fjord-value-fjord-44-coupe-exterior-6-1024x683.jpg\" class=\"attachment-medium size-medium wp-post-image\" alt=\"\" \/><div style=\"padding-bottom:56.25%\"><\/div><\/div><h2 class=\"w-post-elm post_title usg_post_title_1 entry-title color_link_inherit\">Fjord veers the storm and remains a benchmark in the second-hand market<\/h2><div class=\"w-post-elm post_content usg_post_content_1\">Despite the ups and downs of the nautical market in the wake of the pandemic, Fjord has consolidated its position as a safe bet. At the beginning of 2022, we&hellip;<\/div>\t\t<\/div>\r\n\t\t\t<\/article>\r\n\t<article class=\"w-grid-item size_1x1 post-1422 post type-post status-publish format-standard has-post-thumbnail hentry category-unkategorisiert\" data-id=\"1422\">\r\n\t\t<div class=\"w-grid-item-h\">\r\n\t\t\t\t\t\t\t<a href=\"https:\/\/www.fjordyachts.de\/de\/2023\/11\/29\/premiere-der-neuen-fjord-39-xl-auf-der-duesseldorfer-bootsmesse\/\" class=\"w-grid-item-anchor\" aria-label=\"Premiere der neuen Fjord 39 XL auf der D\u00fcsseldorfer Bootsmesse\"><\/a>\r\n\t\t\t\t\t\t<div class=\"w-post-elm post_image usg_post_image_1 has_ratio\"><img loading=\"lazy\" decoding=\"async\" width=\"1024\" height=\"683\" src=\"https:\/\/www.fjordyachts.de\/wp-content\/uploads\/fjord-39-xl-dusseldorf-1024x683.jpg\" class=\"attachment-medium size-medium wp-post-image\" alt=\"\" \/><div style=\"padding-bottom:56.25%\"><\/div><\/div><h2 class=\"w-post-elm post_title usg_post_title_1 entry-title color_link_inherit\">Premiere der neuen Fjord 39 XL auf der D\u00fcsseldorfer Bootsmesse<\/h2><div class=\"w-post-elm post_content usg_post_content_1\">Tauchen Sie ein in die Welt origineller Motoryachten und entdecken Sie die neue FJORD 39 XL \u2013 eine au\u00dfergew\u00f6hnliche Kombination aus Leistung, Luxus und Design in Perfektion. ENTDECKEN SIE DIE&hellip;<\/div>\t\t<\/div>\r\n\t\t\t<\/article>\r\n\t<article class=\"w-grid-item size_1x1 post-1424 post type-post status-publish format-standard has-post-thumbnail hentry category-unkategorisiert\" data-id=\"1424\">\r\n\t\t<div class=\"w-grid-item-h\">\r\n\t\t\t\t\t\t\t<a href=\"https:\/\/www.fjordyachts.de\/de\/2022\/10\/19\/seine-majestaet-koenig-philipp-vi-von-spanien-am-stand-von-marivent-yachts-mit-ceo-oliver-frols-auf-der-barcelona-boat-show\/\" class=\"w-grid-item-anchor\" aria-label=\"Seine Majest\u00e4t K\u00f6nig Philipp VI. von Spanien am Stand von Marivent Yachts mit CEO Oliver Frols auf der Barcelona Boat Show\"><\/a>\r\n\t\t\t\t\t\t<div class=\"w-post-elm post_image usg_post_image_1 has_ratio\"><img loading=\"lazy\" decoding=\"async\" width=\"1024\" height=\"872\" src=\"https:\/\/www.fjordyachts.de\/wp-content\/uploads\/oliver-frols-marivent-yachts-rey-juan-carlos-iii-espana-1024x872.jpg\" class=\"attachment-medium size-medium wp-post-image\" alt=\"\" \/><div style=\"padding-bottom:56.25%\"><\/div><\/div><h2 class=\"w-post-elm post_title usg_post_title_1 entry-title color_link_inherit\">Seine Majest\u00e4t K\u00f6nig Philipp VI. von Spanien am Stand von Marivent Yachts mit CEO Oliver Frols auf der Barcelona Boat Show<\/h2><div class=\"w-post-elm post_content usg_post_content_1\">Die Barcelona Boat Show ging nach f\u00fcnf wundervollen Tagen strahlenden Sonnenscheins zu Ende. Zahlreiche Besucher f\u00fcllten die zahlreichen St\u00e4nde und Schiffe der diesj\u00e4hrigen Boat Show. Ein besonders wichtiger Besuch war&hellip;<\/div>\t\t<\/div>\r\n\t\t\t<\/article>\r\n\t<article class=\"w-grid-item size_1x1 post-2291 post type-post status-publish format-standard has-post-thumbnail hentry category-unkategorisiert\" data-id=\"2291\">\r\n\t\t<div class=\"w-grid-item-h\">\r\n\t\t\t\t\t\t\t<a href=\"https:\/\/www.fjordyachts.de\/de\/2022\/01\/14\/fjord-the-most-sought-after-in-the-pre-owned-market\/\" class=\"w-grid-item-anchor\" aria-label=\"Fjord, the most sought-after in the pre-owned market\"><\/a>\r\n\t\t\t\t\t\t<div class=\"w-post-elm post_image usg_post_image_1 has_ratio\"><img loading=\"lazy\" decoding=\"async\" width=\"1024\" height=\"678\" src=\"https:\/\/www.fjordyachts.de\/wp-content\/uploads\/Fjord-40-Baia-2-1024x678.jpg\" class=\"attachment-medium size-medium wp-post-image\" alt=\"\" \/><div style=\"padding-bottom:56.25%\"><\/div><\/div><h2 class=\"w-post-elm post_title usg_post_title_1 entry-title color_link_inherit\">Fjord, the most sought-after in the pre-owned market<\/h2><div class=\"w-post-elm post_content usg_post_content_1\">The used boats from the German shipyard are consolidating their position in the luxury motorboat segment for &#8222;day boating.&#8220; We start the year 2022 by analyzing the pre-owned boating market&hellip;<\/div>\t\t<\/div>\r\n\t\t\t<\/article>\r\n\t<article class=\"w-grid-item size_1x1 post-1426 post type-post status-publish format-standard has-post-thumbnail hentry category-unkategorisiert\" data-id=\"1426\">\r\n\t\t<div class=\"w-grid-item-h\">\r\n\t\t\t\t\t\t\t<a href=\"https:\/\/www.fjordyachts.de\/de\/2019\/11\/18\/wiederverkaufswert-von-fjord\/\" class=\"w-grid-item-anchor\" aria-label=\"Wiederverkaufswert von Fjord\"><\/a>\r\n\t\t\t\t\t\t<div class=\"w-post-elm post_image usg_post_image_1 has_ratio\"><img loading=\"lazy\" decoding=\"async\" width=\"1024\" height=\"630\" src=\"https:\/\/www.fjordyachts.de\/wp-content\/uploads\/resale-value-of-Fjord-1024x630.jpg\" class=\"attachment-medium size-medium wp-post-image\" alt=\"\" \/><div style=\"padding-bottom:56.25%\"><\/div><\/div><h2 class=\"w-post-elm post_title usg_post_title_1 entry-title color_link_inherit\">Wiederverkaufswert von Fjord<\/h2><div class=\"w-post-elm post_content usg_post_content_1\">Vor zwei Jahren ver\u00f6ffentlichten wir einen Artikel (Wiederverkaufswert von Fjords), in dem wir Daten dokumentierten, die best\u00e4tigten, dass Fjords schnell verkauft werden und dass Eigner ihre aktuellen Fjords verkaufen, um&hellip;<\/div>\t\t<\/div>\r\n\t\t\t<\/article>\r\n\t<article class=\"w-grid-item size_1x1 post-2300 post type-post status-publish format-standard has-post-thumbnail hentry category-unkategorisiert\" data-id=\"2300\">\r\n\t\t<div class=\"w-grid-item-h\">\r\n\t\t\t\t\t\t\t<a href=\"https:\/\/www.fjordyachts.de\/de\/2017\/09\/08\/jord-re-sale-value-2017\/\" class=\"w-grid-item-anchor\" aria-label=\"Fjord re sale value 2017\"><\/a>\r\n\t\t\t\t\t\t<div class=\"w-post-elm post_image usg_post_image_1 has_ratio\"><img loading=\"lazy\" decoding=\"async\" width=\"1024\" height=\"576\" src=\"https:\/\/www.fjordyachts.de\/wp-content\/uploads\/fjord-re-sale-value-1024x576.jpg\" class=\"attachment-medium size-medium wp-post-image\" alt=\"\" \/><div style=\"padding-bottom:56.25%\"><\/div><\/div><h2 class=\"w-post-elm post_title usg_post_title_1 entry-title color_link_inherit\">Fjord re sale value 2017<\/h2><div class=\"w-post-elm post_content usg_post_content_1\">One of the sales arguments for a Fjord Yacht is its re sale value. Even if it is true that many clients who decide to purchase a vessel do not&hellip;<\/div>\t\t<\/div>\r\n\t\t\t<\/article>\r\n<\/div>\t<div class=\"w-grid-preloader\">\r\n\t\t<div class=\"g-preloader type_1\">\r\n\t\t\t<div><\/div>\r\n\t\t<\/div>\r\n\t<\/div>\r\n\t\t<div class=\"w-grid-json hidden\" onclick='return {&quot;action&quot;:&quot;us_ajax_grid&quot;,&quot;infinite_scroll&quot;:0,&quot;max_num_pages&quot;:1,&quot;pagination&quot;:&quot;ajax&quot;,&quot;template_vars&quot;:{&quot;columns&quot;:&quot;3&quot;,&quot;exclude_items&quot;:&quot;none&quot;,&quot;img_size&quot;:&quot;default&quot;,&quot;ignore_items_size&quot;:0,&quot;items_layout&quot;:&quot;1209&quot;,&quot;items_offset&quot;:&quot;1&quot;,&quot;load_animation&quot;:&quot;none&quot;,&quot;overriding_link&quot;:&quot;%7B%22type%22%3A%22post%22%7D&quot;,&quot;post_id&quot;:0,&quot;query_args&quot;:{&quot;post_type&quot;:[&quot;post&quot;],&quot;post_status&quot;:[&quot;publish&quot;,&quot;acf-disabled&quot;],&quot;posts_per_page&quot;:&quot;9&quot;},&quot;orderby_query_args&quot;:{&quot;orderby&quot;:{&quot;date&quot;:&quot;DESC&quot;}},&quot;type&quot;:&quot;grid&quot;,&quot;us_grid_post_type&quot;:&quot;post&quot;,&quot;us_grid_ajax_index&quot;:1,&quot;us_grid_filter_query_string&quot;:null,&quot;us_grid_index&quot;:1,&quot;page_args&quot;:[],&quot;lang&quot;:&quot;de&quot;}}'><\/div>\r\n\t<\/div><\/div><\/div><\/div><\/div><\/section>\n","protected":false},"excerpt":{"rendered":"One of the sales arguments for a Fjord Yacht is its re sale value. Even if it is true that many clients who decide to purchase a vessel do not always realise the importance of this factor, we must highlight the role this plays in the decision. At the time being there is a strong...","protected":false},"author":1,"featured_media":0,"parent":0,"menu_order":0,"comment_status":"closed","ping_status":"closed","template":"","meta":{"_acf_changed":false,"footnotes":""},"brand":[],"brands-old":[],"class_list":["post-1379","page","type-page","status-publish","hentry"],"acf":[],"yoast_head":"<!-- This site is optimized with the Yoast SEO plugin v27.5 - https:\/\/yoast.com\/product\/yoast-seo-wordpress\/ -->\n<title>Blog - Fjord Yachts<\/title>\n<meta name=\"robots\" content=\"index, follow, max-snippet:-1, max-image-preview:large, max-video-preview:-1\" \/>\n<link rel=\"canonical\" href=\"https:\/\/www.fjordyachts.de\/de\/blog\/\" \/>\n<meta property=\"og:locale\" content=\"de_DE\" \/>\n<meta property=\"og:type\" content=\"article\" \/>\n<meta property=\"og:title\" content=\"Blog - Fjord Yachts\" \/>\n<meta property=\"og:url\" content=\"https:\/\/www.fjordyachts.de\/de\/blog\/\" \/>\n<meta property=\"og:site_name\" content=\"Fjord Yachts\" \/>\n<meta property=\"article:modified_time\" content=\"2025-03-24T17:57:12+00:00\" \/>\n<meta name=\"twitter:card\" content=\"summary_large_image\" \/>\n<meta name=\"twitter:label1\" content=\"Gesch\u00e4tzte Lesezeit\" \/>\n\t<meta name=\"twitter:data1\" content=\"1\u00a0Minute\" \/>\n<script type=\"application\/ld+json\" class=\"yoast-schema-graph\">{\"@context\":\"https:\\\/\\\/schema.org\",\"@graph\":[{\"@type\":\"WebPage\",\"@id\":\"https:\\\/\\\/www.fjordyachts.de\\\/de\\\/blog\\\/\",\"url\":\"https:\\\/\\\/www.fjordyachts.de\\\/de\\\/blog\\\/\",\"name\":\"Blog - Fjord Yachts\",\"isPartOf\":{\"@id\":\"https:\\\/\\\/www.fjordyachts.de\\\/#website\"},\"datePublished\":\"2025-03-06T06:55:54+00:00\",\"dateModified\":\"2025-03-24T17:57:12+00:00\",\"breadcrumb\":{\"@id\":\"https:\\\/\\\/www.fjordyachts.de\\\/de\\\/blog\\\/#breadcrumb\"},\"inLanguage\":\"de\",\"potentialAction\":[{\"@type\":\"ReadAction\",\"target\":[\"https:\\\/\\\/www.fjordyachts.de\\\/de\\\/blog\\\/\"]}]},{\"@type\":\"BreadcrumbList\",\"@id\":\"https:\\\/\\\/www.fjordyachts.de\\\/de\\\/blog\\\/#breadcrumb\",\"itemListElement\":[{\"@type\":\"ListItem\",\"position\":1,\"name\":\"Home\",\"item\":\"https:\\\/\\\/www.fjordyachts.de\\\/de\\\/\"},{\"@type\":\"ListItem\",\"position\":2,\"name\":\"Blog\"}]},{\"@type\":\"WebSite\",\"@id\":\"https:\\\/\\\/www.fjordyachts.de\\\/#website\",\"url\":\"https:\\\/\\\/www.fjordyachts.de\\\/\",\"name\":\"Fjord Yachts\",\"description\":\"\",\"publisher\":{\"@id\":\"https:\\\/\\\/www.fjordyachts.de\\\/#organization\"},\"potentialAction\":[{\"@type\":\"SearchAction\",\"target\":{\"@type\":\"EntryPoint\",\"urlTemplate\":\"https:\\\/\\\/www.fjordyachts.de\\\/?s={search_term_string}\"},\"query-input\":{\"@type\":\"PropertyValueSpecification\",\"valueRequired\":true,\"valueName\":\"search_term_string\"}}],\"inLanguage\":\"de\"},{\"@type\":\"Organization\",\"@id\":\"https:\\\/\\\/www.fjordyachts.de\\\/#organization\",\"name\":\"Fjord Yachts\",\"url\":\"https:\\\/\\\/www.fjordyachts.de\\\/\",\"logo\":{\"@type\":\"ImageObject\",\"inLanguage\":\"de\",\"@id\":\"https:\\\/\\\/www.fjordyachts.de\\\/#\\\/schema\\\/logo\\\/image\\\/\",\"url\":\"https:\\\/\\\/www.fjordyachts.de\\\/wp-content\\\/uploads\\\/fjord-yachts-black-a.svg\",\"contentUrl\":\"https:\\\/\\\/www.fjordyachts.de\\\/wp-content\\\/uploads\\\/fjord-yachts-black-a.svg\",\"width\":\"1920\",\"height\":\"1920\",\"caption\":\"Fjord Yachts\"},\"image\":{\"@id\":\"https:\\\/\\\/www.fjordyachts.de\\\/#\\\/schema\\\/logo\\\/image\\\/\"}}]}<\/script>\n<!-- \/ Yoast SEO plugin. -->","yoast_head_json":{"title":"Blog - Fjord Yachts","robots":{"index":"index","follow":"follow","max-snippet":"max-snippet:-1","max-image-preview":"max-image-preview:large","max-video-preview":"max-video-preview:-1"},"canonical":"https:\/\/www.fjordyachts.de\/de\/blog\/","og_locale":"de_DE","og_type":"article","og_title":"Blog - Fjord Yachts","og_url":"https:\/\/www.fjordyachts.de\/de\/blog\/","og_site_name":"Fjord Yachts","article_modified_time":"2025-03-24T17:57:12+00:00","twitter_card":"summary_large_image","twitter_misc":{"Gesch\u00e4tzte Lesezeit":"1\u00a0Minute"},"schema":{"@context":"https:\/\/schema.org","@graph":[{"@type":"WebPage","@id":"https:\/\/www.fjordyachts.de\/de\/blog\/","url":"https:\/\/www.fjordyachts.de\/de\/blog\/","name":"Blog - Fjord Yachts","isPartOf":{"@id":"https:\/\/www.fjordyachts.de\/#website"},"datePublished":"2025-03-06T06:55:54+00:00","dateModified":"2025-03-24T17:57:12+00:00","breadcrumb":{"@id":"https:\/\/www.fjordyachts.de\/de\/blog\/#breadcrumb"},"inLanguage":"de","potentialAction":[{"@type":"ReadAction","target":["https:\/\/www.fjordyachts.de\/de\/blog\/"]}]},{"@type":"BreadcrumbList","@id":"https:\/\/www.fjordyachts.de\/de\/blog\/#breadcrumb","itemListElement":[{"@type":"ListItem","position":1,"name":"Home","item":"https:\/\/www.fjordyachts.de\/de\/"},{"@type":"ListItem","position":2,"name":"Blog"}]},{"@type":"WebSite","@id":"https:\/\/www.fjordyachts.de\/#website","url":"https:\/\/www.fjordyachts.de\/","name":"Fjord Yachts","description":"","publisher":{"@id":"https:\/\/www.fjordyachts.de\/#organization"},"potentialAction":[{"@type":"SearchAction","target":{"@type":"EntryPoint","urlTemplate":"https:\/\/www.fjordyachts.de\/?s={search_term_string}"},"query-input":{"@type":"PropertyValueSpecification","valueRequired":true,"valueName":"search_term_string"}}],"inLanguage":"de"},{"@type":"Organization","@id":"https:\/\/www.fjordyachts.de\/#organization","name":"Fjord Yachts","url":"https:\/\/www.fjordyachts.de\/","logo":{"@type":"ImageObject","inLanguage":"de","@id":"https:\/\/www.fjordyachts.de\/#\/schema\/logo\/image\/","url":"https:\/\/www.fjordyachts.de\/wp-content\/uploads\/fjord-yachts-black-a.svg","contentUrl":"https:\/\/www.fjordyachts.de\/wp-content\/uploads\/fjord-yachts-black-a.svg","width":"1920","height":"1920","caption":"Fjord Yachts"},"image":{"@id":"https:\/\/www.fjordyachts.de\/#\/schema\/logo\/image\/"}}]}},"_links":{"self":[{"href":"https:\/\/www.fjordyachts.de\/de\/wp-json\/wp\/v2\/pages\/1379","targetHints":{"allow":["GET"]}}],"collection":[{"href":"https:\/\/www.fjordyachts.de\/de\/wp-json\/wp\/v2\/pages"}],"about":[{"href":"https:\/\/www.fjordyachts.de\/de\/wp-json\/wp\/v2\/types\/page"}],"author":[{"embeddable":true,"href":"https:\/\/www.fjordyachts.de\/de\/wp-json\/wp\/v2\/users\/1"}],"replies":[{"embeddable":true,"href":"https:\/\/www.fjordyachts.de\/de\/wp-json\/wp\/v2\/comments?post=1379"}],"version-history":[{"count":1,"href":"https:\/\/www.fjordyachts.de\/de\/wp-json\/wp\/v2\/pages\/1379\/revisions"}],"predecessor-version":[{"id":1449,"href":"https:\/\/www.fjordyachts.de\/de\/wp-json\/wp\/v2\/pages\/1379\/revisions\/1449"}],"wp:attachment":[{"href":"https:\/\/www.fjordyachts.de\/de\/wp-json\/wp\/v2\/media?parent=1379"}],"wp:term":[{"taxonomy":"brand","embeddable":true,"href":"https:\/\/www.fjordyachts.de\/de\/wp-json\/wp\/v2\/brand?post=1379"},{"taxonomy":"brands-old","embeddable":true,"href":"https:\/\/www.fjordyachts.de\/de\/wp-json\/wp\/v2\/brands-old?post=1379"}],"curies":[{"name":"wp","href":"https:\/\/api.w.org\/{rel}","templated":true}]}}