{"id":1368,"date":"2025-01-10T10:56:12","date_gmt":"2025-01-10T10:56:12","guid":{"rendered":"https:\/\/www.fjordyachts.de\/test-center\/"},"modified":"2025-09-03T18:12:52","modified_gmt":"2025-09-03T17:12:52","slug":"centro-de-pruebas","status":"publish","type":"page","link":"https:\/\/www.fjordyachts.de\/es\/centro-de-pruebas\/","title":{"rendered":"Centro de pruebas"},"content":{"rendered":"<section class=\"l-section wpb_row height_large\"><div class=\"l-section-h i-cf\"><div class=\"g-cols vc_row via_grid cols_2 laptops-cols_inherit tablets-cols_inherit mobiles-cols_1 valign_top type_default stacking_default\"><div class=\"wpb_column vc_column_container\"><div class=\"vc_column-inner\"><div class=\"wpb_text_column\"><div class=\"wpb_wrapper\"><p><strong>Centro de pruebas Marivent Yachts, una cuesti\u00f3n de sensaciones.<\/strong><\/p>\n<p>En la actualidad el 70% de los compradores de un barco se informan sobre su futura embarcaci\u00f3n a trav\u00e9s de internet antes de contactar con un vendedor. Llegados a este punto, podemos seguir compartiendo informaci\u00f3n con \u00e9l y configurar el barco ideal del cliente. A\u00fan y as\u00ed, existe el factor \u00absensaciones\u00bb. Subir a bordo caminar por la cubierta, tomar el control y sentir el barco, meter la marcha y acelerar. Creemos en nuestro producto y queremos que est\u00e9s seguro de la decisi\u00f3n que vas a tomar.<\/p>\n<p>Por esta raz\u00f3n te ofrecemos una prueba de mar con el barco que a te interesa, para que puedas sentirlo y ver c\u00f3mo se comporta en el mar. No pierdas la oportunidad y ponte en contacto con nosotros. Organizaremos una prueba de mar para que puedas conocer en detalle tu futura embarcaci\u00f3n.<\/p>\n<\/div><\/div><div class=\"w-separator size_medium\"><\/div><div class=\"w-btn-wrapper align_none\"><a class=\"w-btn us-btn-style_1\" href=\"https:\/\/www.fjordyachts.de\/es\/contacto\/\"><span class=\"w-btn-label\">Solicita una prueba en el mar<\/span><\/a><\/div><\/div><\/div><div class=\"wpb_column vc_column_container type_sticky\"><div class=\"vc_column-inner\"><div class=\"w-image align_none\"><div class=\"w-image-h\"><img decoding=\"async\" width=\"1024\" height=\"768\" src=\"https:\/\/www.fjordyachts.de\/wp-content\/uploads\/test-center-fjord-marivent-yachts-4.jpg\" class=\"attachment-full size-full\" alt=\"\" loading=\"lazy\" \/><\/div><\/div><\/div><\/div><\/div><\/div><\/section>\n","protected":false},"excerpt":{"rendered":"Centro de pruebas Marivent Yachts, una cuesti\u00f3n de sensaciones. En la actualidad el 70% de los compradores de un barco se informan sobre su futura embarcaci\u00f3n a trav\u00e9s de internet antes de contactar con un vendedor. Llegados a este punto, podemos seguir compartiendo informaci\u00f3n con \u00e9l y configurar el barco ideal del cliente. A\u00fan y...","protected":false},"author":1,"featured_media":2104,"parent":0,"menu_order":0,"comment_status":"closed","ping_status":"closed","template":"","meta":{"_acf_changed":false,"footnotes":""},"brand":[],"brands-old":[],"class_list":["post-1368","page","type-page","status-publish","has-post-thumbnail","hentry"],"acf":[],"yoast_head":"<!-- This site is optimized with the Yoast SEO plugin v27.4 - https:\/\/yoast.com\/product\/yoast-seo-wordpress\/ -->\n<title>Centro de pruebas - Fjord Yachts<\/title>\n<meta name=\"robots\" content=\"index, follow, max-snippet:-1, max-image-preview:large, max-video-preview:-1\" \/>\n<link rel=\"canonical\" href=\"https:\/\/www.fjordyachts.de\/es\/centro-de-pruebas\/\" \/>\n<meta property=\"og:locale\" content=\"es_ES\" \/>\n<meta property=\"og:type\" content=\"article\" \/>\n<meta property=\"og:title\" content=\"Centro de pruebas - Fjord Yachts\" \/>\n<meta property=\"og:url\" content=\"https:\/\/www.fjordyachts.de\/es\/centro-de-pruebas\/\" \/>\n<meta property=\"og:site_name\" content=\"Fjord Yachts\" \/>\n<meta property=\"article:modified_time\" content=\"2025-09-03T17:12:52+00:00\" \/>\n<meta property=\"og:image\" content=\"https:\/\/www.fjordyachts.de\/wp-content\/uploads\/test-center-2025.jpg\" \/>\n\t<meta property=\"og:image:width\" content=\"1920\" \/>\n\t<meta property=\"og:image:height\" content=\"875\" \/>\n\t<meta property=\"og:image:type\" content=\"image\/jpeg\" \/>\n<meta name=\"twitter:card\" content=\"summary_large_image\" \/>\n<meta name=\"twitter:label1\" content=\"Tiempo de lectura\" \/>\n\t<meta name=\"twitter:data1\" content=\"1 minuto\" \/>\n<script type=\"application\/ld+json\" class=\"yoast-schema-graph\">{\"@context\":\"https:\\\/\\\/schema.org\",\"@graph\":[{\"@type\":\"WebPage\",\"@id\":\"https:\\\/\\\/www.fjordyachts.de\\\/es\\\/centro-de-pruebas\\\/\",\"url\":\"https:\\\/\\\/www.fjordyachts.de\\\/es\\\/centro-de-pruebas\\\/\",\"name\":\"Centro de pruebas - Fjord Yachts\",\"isPartOf\":{\"@id\":\"https:\\\/\\\/www.fjordyachts.de\\\/#website\"},\"primaryImageOfPage\":{\"@id\":\"https:\\\/\\\/www.fjordyachts.de\\\/es\\\/centro-de-pruebas\\\/#primaryimage\"},\"image\":{\"@id\":\"https:\\\/\\\/www.fjordyachts.de\\\/es\\\/centro-de-pruebas\\\/#primaryimage\"},\"thumbnailUrl\":\"https:\\\/\\\/www.fjordyachts.de\\\/wp-content\\\/uploads\\\/test-center-2025.jpg\",\"datePublished\":\"2025-01-10T10:56:12+00:00\",\"dateModified\":\"2025-09-03T17:12:52+00:00\",\"breadcrumb\":{\"@id\":\"https:\\\/\\\/www.fjordyachts.de\\\/es\\\/centro-de-pruebas\\\/#breadcrumb\"},\"inLanguage\":\"es\",\"potentialAction\":[{\"@type\":\"ReadAction\",\"target\":[\"https:\\\/\\\/www.fjordyachts.de\\\/es\\\/centro-de-pruebas\\\/\"]}]},{\"@type\":\"ImageObject\",\"inLanguage\":\"es\",\"@id\":\"https:\\\/\\\/www.fjordyachts.de\\\/es\\\/centro-de-pruebas\\\/#primaryimage\",\"url\":\"https:\\\/\\\/www.fjordyachts.de\\\/wp-content\\\/uploads\\\/test-center-2025.jpg\",\"contentUrl\":\"https:\\\/\\\/www.fjordyachts.de\\\/wp-content\\\/uploads\\\/test-center-2025.jpg\",\"width\":1920,\"height\":875},{\"@type\":\"BreadcrumbList\",\"@id\":\"https:\\\/\\\/www.fjordyachts.de\\\/es\\\/centro-de-pruebas\\\/#breadcrumb\",\"itemListElement\":[{\"@type\":\"ListItem\",\"position\":1,\"name\":\"Home\",\"item\":\"https:\\\/\\\/www.fjordyachts.de\\\/es\\\/\"},{\"@type\":\"ListItem\",\"position\":2,\"name\":\"Centro de pruebas\"}]},{\"@type\":\"WebSite\",\"@id\":\"https:\\\/\\\/www.fjordyachts.de\\\/#website\",\"url\":\"https:\\\/\\\/www.fjordyachts.de\\\/\",\"name\":\"Fjord Yachts\",\"description\":\"\",\"publisher\":{\"@id\":\"https:\\\/\\\/www.fjordyachts.de\\\/#organization\"},\"potentialAction\":[{\"@type\":\"SearchAction\",\"target\":{\"@type\":\"EntryPoint\",\"urlTemplate\":\"https:\\\/\\\/www.fjordyachts.de\\\/?s={search_term_string}\"},\"query-input\":{\"@type\":\"PropertyValueSpecification\",\"valueRequired\":true,\"valueName\":\"search_term_string\"}}],\"inLanguage\":\"es\"},{\"@type\":\"Organization\",\"@id\":\"https:\\\/\\\/www.fjordyachts.de\\\/#organization\",\"name\":\"Fjord Yachts\",\"url\":\"https:\\\/\\\/www.fjordyachts.de\\\/\",\"logo\":{\"@type\":\"ImageObject\",\"inLanguage\":\"es\",\"@id\":\"https:\\\/\\\/www.fjordyachts.de\\\/#\\\/schema\\\/logo\\\/image\\\/\",\"url\":\"https:\\\/\\\/www.fjordyachts.de\\\/wp-content\\\/uploads\\\/fjord-yachts-black-a.svg\",\"contentUrl\":\"https:\\\/\\\/www.fjordyachts.de\\\/wp-content\\\/uploads\\\/fjord-yachts-black-a.svg\",\"width\":\"1920\",\"height\":\"1920\",\"caption\":\"Fjord Yachts\"},\"image\":{\"@id\":\"https:\\\/\\\/www.fjordyachts.de\\\/#\\\/schema\\\/logo\\\/image\\\/\"}}]}<\/script>\n<!-- \/ Yoast SEO plugin. -->","yoast_head_json":{"title":"Centro de pruebas - Fjord Yachts","robots":{"index":"index","follow":"follow","max-snippet":"max-snippet:-1","max-image-preview":"max-image-preview:large","max-video-preview":"max-video-preview:-1"},"canonical":"https:\/\/www.fjordyachts.de\/es\/centro-de-pruebas\/","og_locale":"es_ES","og_type":"article","og_title":"Centro de pruebas - Fjord Yachts","og_url":"https:\/\/www.fjordyachts.de\/es\/centro-de-pruebas\/","og_site_name":"Fjord Yachts","article_modified_time":"2025-09-03T17:12:52+00:00","og_image":[{"width":1920,"height":875,"url":"https:\/\/www.fjordyachts.de\/wp-content\/uploads\/test-center-2025.jpg","type":"image\/jpeg"}],"twitter_card":"summary_large_image","twitter_misc":{"Tiempo de lectura":"1 minuto"},"schema":{"@context":"https:\/\/schema.org","@graph":[{"@type":"WebPage","@id":"https:\/\/www.fjordyachts.de\/es\/centro-de-pruebas\/","url":"https:\/\/www.fjordyachts.de\/es\/centro-de-pruebas\/","name":"Centro de pruebas - Fjord Yachts","isPartOf":{"@id":"https:\/\/www.fjordyachts.de\/#website"},"primaryImageOfPage":{"@id":"https:\/\/www.fjordyachts.de\/es\/centro-de-pruebas\/#primaryimage"},"image":{"@id":"https:\/\/www.fjordyachts.de\/es\/centro-de-pruebas\/#primaryimage"},"thumbnailUrl":"https:\/\/www.fjordyachts.de\/wp-content\/uploads\/test-center-2025.jpg","datePublished":"2025-01-10T10:56:12+00:00","dateModified":"2025-09-03T17:12:52+00:00","breadcrumb":{"@id":"https:\/\/www.fjordyachts.de\/es\/centro-de-pruebas\/#breadcrumb"},"inLanguage":"es","potentialAction":[{"@type":"ReadAction","target":["https:\/\/www.fjordyachts.de\/es\/centro-de-pruebas\/"]}]},{"@type":"ImageObject","inLanguage":"es","@id":"https:\/\/www.fjordyachts.de\/es\/centro-de-pruebas\/#primaryimage","url":"https:\/\/www.fjordyachts.de\/wp-content\/uploads\/test-center-2025.jpg","contentUrl":"https:\/\/www.fjordyachts.de\/wp-content\/uploads\/test-center-2025.jpg","width":1920,"height":875},{"@type":"BreadcrumbList","@id":"https:\/\/www.fjordyachts.de\/es\/centro-de-pruebas\/#breadcrumb","itemListElement":[{"@type":"ListItem","position":1,"name":"Home","item":"https:\/\/www.fjordyachts.de\/es\/"},{"@type":"ListItem","position":2,"name":"Centro de pruebas"}]},{"@type":"WebSite","@id":"https:\/\/www.fjordyachts.de\/#website","url":"https:\/\/www.fjordyachts.de\/","name":"Fjord Yachts","description":"","publisher":{"@id":"https:\/\/www.fjordyachts.de\/#organization"},"potentialAction":[{"@type":"SearchAction","target":{"@type":"EntryPoint","urlTemplate":"https:\/\/www.fjordyachts.de\/?s={search_term_string}"},"query-input":{"@type":"PropertyValueSpecification","valueRequired":true,"valueName":"search_term_string"}}],"inLanguage":"es"},{"@type":"Organization","@id":"https:\/\/www.fjordyachts.de\/#organization","name":"Fjord Yachts","url":"https:\/\/www.fjordyachts.de\/","logo":{"@type":"ImageObject","inLanguage":"es","@id":"https:\/\/www.fjordyachts.de\/#\/schema\/logo\/image\/","url":"https:\/\/www.fjordyachts.de\/wp-content\/uploads\/fjord-yachts-black-a.svg","contentUrl":"https:\/\/www.fjordyachts.de\/wp-content\/uploads\/fjord-yachts-black-a.svg","width":"1920","height":"1920","caption":"Fjord Yachts"},"image":{"@id":"https:\/\/www.fjordyachts.de\/#\/schema\/logo\/image\/"}}]}},"_links":{"self":[{"href":"https:\/\/www.fjordyachts.de\/es\/wp-json\/wp\/v2\/pages\/1368","targetHints":{"allow":["GET"]}}],"collection":[{"href":"https:\/\/www.fjordyachts.de\/es\/wp-json\/wp\/v2\/pages"}],"about":[{"href":"https:\/\/www.fjordyachts.de\/es\/wp-json\/wp\/v2\/types\/page"}],"author":[{"embeddable":true,"href":"https:\/\/www.fjordyachts.de\/es\/wp-json\/wp\/v2\/users\/1"}],"replies":[{"embeddable":true,"href":"https:\/\/www.fjordyachts.de\/es\/wp-json\/wp\/v2\/comments?post=1368"}],"version-history":[{"count":6,"href":"https:\/\/www.fjordyachts.de\/es\/wp-json\/wp\/v2\/pages\/1368\/revisions"}],"predecessor-version":[{"id":2157,"href":"https:\/\/www.fjordyachts.de\/es\/wp-json\/wp\/v2\/pages\/1368\/revisions\/2157"}],"wp:featuredmedia":[{"embeddable":true,"href":"https:\/\/www.fjordyachts.de\/es\/wp-json\/wp\/v2\/media\/2104"}],"wp:attachment":[{"href":"https:\/\/www.fjordyachts.de\/es\/wp-json\/wp\/v2\/media?parent=1368"}],"wp:term":[{"taxonomy":"brand","embeddable":true,"href":"https:\/\/www.fjordyachts.de\/es\/wp-json\/wp\/v2\/brand?post=1368"},{"taxonomy":"brands-old","embeddable":true,"href":"https:\/\/www.fjordyachts.de\/es\/wp-json\/wp\/v2\/brands-old?post=1368"}],"curies":[{"name":"wp","href":"https:\/\/api.w.org\/{rel}","templated":true}]}}