{"id":1378,"date":"2025-01-10T17:19:45","date_gmt":"2025-01-10T17:19:45","guid":{"rendered":"https:\/\/www.fjordyachts.de\/german-quality\/"},"modified":"2025-03-24T17:35:40","modified_gmt":"2025-03-24T17:35:40","slug":"calidad-alemana","status":"publish","type":"page","link":"https:\/\/www.fjordyachts.de\/es\/calidad-alemana\/","title":{"rendered":"Calidad Alemana"},"content":{"rendered":"<section class=\"l-section wpb_row us_custom_c1ec38f8 height_large with_img parallax_hor bgwidth_110\" id=\"more\"><div class=\"l-section-img\" role=\"img\" aria-label=\"Imagen\" data-img-width=\"\" data-img-height=\"\" style=\"background-image: url(https:\/\/www.fjordyachts.de\/wp-content\/uploads\/2024\/12\/picto.svg);background-position: top right;background-repeat: no-repeat;background-size: contain;\"><\/div><div class=\"l-section-h i-cf\"><div class=\"g-cols vc_row via_grid cols_2 laptops-cols_inherit tablets-cols_inherit mobiles-cols_1 valign_top type_default reversed stacking_default\" style=\"--columns-gap:calc(3rem + 0.5rem);\"><div class=\"wpb_column vc_column_container us_custom_7e20fa79 us_animate_this\"><div class=\"vc_column-inner\"><div class=\"wpb_text_column\"><div class=\"wpb_wrapper\"><p>Aprovechando la experiencia de HanseYachts AG, FJORD cuenta con un equipo dedicado y apasionado por el mar y las embarcaciones que lo surcan. Infundimos a cada creaci\u00f3n elementos de elegancia, lujo y precisi\u00f3n en los detalles mediante t\u00e9cnicas de fabricaci\u00f3n galardonadas en diversas disciplinas. Esta dedicaci\u00f3n a la excelencia se pone a prueba en rigurosas condiciones reales, reforzando nuestro compromiso inquebrantable de ofrecer una experiencia tan poderosa como segura.<\/p>\n<\/div><\/div><\/div><\/div><div class=\"wpb_column vc_column_container us_custom_ba870b58 us_animate_this\"><div class=\"vc_column-inner\"><h2 class=\"w-text\"><span class=\"w-text-h\"><span class=\"w-text-value\">Calidad de fabricaci\u00f3n impecable<\/span><\/span><\/h2><\/div><\/div><\/div><\/div><\/section><section class=\"l-section wpb_row height_huge color_primary with_img parallax_ver\"><div class=\"l-section-img\" role=\"img\" aria-label=\"Imagen\" data-img-width=\"1920\" data-img-height=\"2560\" style=\"background-image: url(https:\/\/www.fjordyachts.de\/wp-content\/uploads\/fjord-53-xl-exterior-5-scaled.jpg);\"><\/div><div class=\"l-section-overlay\" style=\"background:var(--color-alt-content-overlay-grad, var(--color-alt-content-overlay) )\"><\/div><div class=\"l-section-h i-cf\"><div class=\"g-cols vc_row via_grid cols_1 laptops-cols_inherit tablets-cols_inherit mobiles-cols_1 valign_middle type_boxes stacking_default\"><div class=\"wpb_column vc_column_container us_custom_eb849559\"><div class=\"vc_column-inner\"><h2 class=\"w-text us_custom_eb849559\"><span class=\"w-text-h\"><span class=\"w-text-value\">Fjord: Your Yacht of Choice<\/span><\/span><\/h2><\/div><\/div><\/div><\/div><\/section><section class=\"l-section wpb_row us_custom_c1ec38f8 height_large with_img parallax_hor bgwidth_110\" id=\"more\"><div class=\"l-section-img\" role=\"img\" aria-label=\"Imagen\" data-img-width=\"\" data-img-height=\"\" style=\"background-image: url(https:\/\/www.fjordyachts.de\/wp-content\/uploads\/2024\/12\/picto.svg);background-position: top right;background-repeat: no-repeat;background-size: contain;\"><\/div><div class=\"l-section-h i-cf\"><div class=\"g-cols vc_row via_grid cols_2 laptops-cols_inherit tablets-cols_inherit mobiles-cols_1 valign_top type_default reversed stacking_default\" style=\"--columns-gap:calc(3rem + 0.5rem);\"><div class=\"wpb_column vc_column_container us_custom_7e20fa79 us_animate_this\"><div class=\"vc_column-inner\"><div class=\"wpb_text_column\"><div class=\"wpb_wrapper\"><p>Las embarcaciones a motor FJORD aportan nuevos est\u00e1ndares de excelencia en ingenier\u00eda e inteligencia de dise\u00f1o al agua, proporcionando a los usuarios una experiencia sin igual en el mar. La clave de su \u00e9xito son las innovadoras soluciones de ingenier\u00eda y dise\u00f1o que garantizan una \u00f3ptima planificaci\u00f3n del espacio, un generoso espacio de almacenamiento, comodidad y seguridad de uso.<\/p>\n<p>Dise\u00f1adas para ofrecer el m\u00e1ximo confort y comodidad, las lanchas motoras FJORD ofrecen amplios interiores que aprovechan cada cent\u00edmetro de espacio disponible. Soluciones inteligentes, como mesas y asientos multifuncionales, permiten personalizar el interior de forma flexible seg\u00fan las necesidades y preferencias individuales.<\/p>\n<\/div><\/div><div class=\"w-separator size_medium\"><\/div><div class=\"w-btn-wrapper align_none\"><a class=\"w-btn us-btn-style_1\" href=\"https:\/\/www.fjordyachts.de\/es\/fjord\/\"><span class=\"w-btn-label\">Explora la gama<\/span><\/a><\/div><\/div><\/div><div class=\"wpb_column vc_column_container us_custom_ba870b58 us_animate_this\"><div class=\"vc_column-inner\"><h2 class=\"w-text\"><span class=\"w-text-h\"><span class=\"w-text-value\">M\u00e1s que un yate de serie<\/span><\/span><\/h2><\/div><\/div><\/div><\/div><\/section>\n","protected":false},"excerpt":{"rendered":"Aprovechando la experiencia de HanseYachts AG, FJORD cuenta con un equipo dedicado y apasionado por el mar y las embarcaciones que lo surcan. Infundimos a cada creaci\u00f3n elementos de elegancia, lujo y precisi\u00f3n en los detalles mediante t\u00e9cnicas de fabricaci\u00f3n galardonadas en diversas disciplinas. Esta dedicaci\u00f3n a la excelencia se pone a prueba en rigurosas...","protected":false},"author":1,"featured_media":824,"parent":0,"menu_order":0,"comment_status":"closed","ping_status":"closed","template":"","meta":{"_acf_changed":false,"footnotes":""},"brand":[],"brands-old":[],"class_list":["post-1378","page","type-page","status-publish","has-post-thumbnail","hentry"],"acf":[],"yoast_head":"<!-- This site is optimized with the Yoast SEO plugin v27.4 - https:\/\/yoast.com\/product\/yoast-seo-wordpress\/ -->\n<title>Calidad Alemana - Fjord Yachts<\/title>\n<meta name=\"robots\" content=\"index, follow, max-snippet:-1, max-image-preview:large, max-video-preview:-1\" \/>\n<link rel=\"canonical\" href=\"https:\/\/www.fjordyachts.de\/es\/calidad-alemana\/\" \/>\n<meta property=\"og:locale\" content=\"es_ES\" \/>\n<meta property=\"og:type\" content=\"article\" \/>\n<meta property=\"og:title\" content=\"Calidad Alemana - Fjord Yachts\" \/>\n<meta property=\"og:url\" content=\"https:\/\/www.fjordyachts.de\/es\/calidad-alemana\/\" \/>\n<meta property=\"og:site_name\" content=\"Fjord Yachts\" \/>\n<meta property=\"article:modified_time\" content=\"2025-03-24T17:35:40+00:00\" \/>\n<meta property=\"og:image\" content=\"https:\/\/www.fjordyachts.de\/wp-content\/uploads\/fjord-53-xl-exterior-5-scaled.jpg\" \/>\n\t<meta property=\"og:image:width\" content=\"1920\" \/>\n\t<meta property=\"og:image:height\" content=\"2560\" \/>\n\t<meta property=\"og:image:type\" content=\"image\/jpeg\" \/>\n<meta name=\"twitter:card\" content=\"summary_large_image\" \/>\n<meta name=\"twitter:label1\" content=\"Tiempo de lectura\" \/>\n\t<meta name=\"twitter:data1\" content=\"2 minutos\" \/>\n<script type=\"application\/ld+json\" class=\"yoast-schema-graph\">{\"@context\":\"https:\\\/\\\/schema.org\",\"@graph\":[{\"@type\":\"WebPage\",\"@id\":\"https:\\\/\\\/www.fjordyachts.de\\\/es\\\/calidad-alemana\\\/\",\"url\":\"https:\\\/\\\/www.fjordyachts.de\\\/es\\\/calidad-alemana\\\/\",\"name\":\"Calidad Alemana - Fjord Yachts\",\"isPartOf\":{\"@id\":\"https:\\\/\\\/www.fjordyachts.de\\\/#website\"},\"primaryImageOfPage\":{\"@id\":\"https:\\\/\\\/www.fjordyachts.de\\\/es\\\/calidad-alemana\\\/#primaryimage\"},\"image\":{\"@id\":\"https:\\\/\\\/www.fjordyachts.de\\\/es\\\/calidad-alemana\\\/#primaryimage\"},\"thumbnailUrl\":\"https:\\\/\\\/www.fjordyachts.de\\\/wp-content\\\/uploads\\\/fjord-53-xl-exterior-5-scaled.jpg\",\"datePublished\":\"2025-01-10T17:19:45+00:00\",\"dateModified\":\"2025-03-24T17:35:40+00:00\",\"breadcrumb\":{\"@id\":\"https:\\\/\\\/www.fjordyachts.de\\\/es\\\/calidad-alemana\\\/#breadcrumb\"},\"inLanguage\":\"es\",\"potentialAction\":[{\"@type\":\"ReadAction\",\"target\":[\"https:\\\/\\\/www.fjordyachts.de\\\/es\\\/calidad-alemana\\\/\"]}]},{\"@type\":\"ImageObject\",\"inLanguage\":\"es\",\"@id\":\"https:\\\/\\\/www.fjordyachts.de\\\/es\\\/calidad-alemana\\\/#primaryimage\",\"url\":\"https:\\\/\\\/www.fjordyachts.de\\\/wp-content\\\/uploads\\\/fjord-53-xl-exterior-5-scaled.jpg\",\"contentUrl\":\"https:\\\/\\\/www.fjordyachts.de\\\/wp-content\\\/uploads\\\/fjord-53-xl-exterior-5-scaled.jpg\",\"width\":1920,\"height\":2560},{\"@type\":\"BreadcrumbList\",\"@id\":\"https:\\\/\\\/www.fjordyachts.de\\\/es\\\/calidad-alemana\\\/#breadcrumb\",\"itemListElement\":[{\"@type\":\"ListItem\",\"position\":1,\"name\":\"Home\",\"item\":\"https:\\\/\\\/www.fjordyachts.de\\\/es\\\/\"},{\"@type\":\"ListItem\",\"position\":2,\"name\":\"Calidad Alemana\"}]},{\"@type\":\"WebSite\",\"@id\":\"https:\\\/\\\/www.fjordyachts.de\\\/#website\",\"url\":\"https:\\\/\\\/www.fjordyachts.de\\\/\",\"name\":\"Fjord Yachts\",\"description\":\"\",\"publisher\":{\"@id\":\"https:\\\/\\\/www.fjordyachts.de\\\/#organization\"},\"potentialAction\":[{\"@type\":\"SearchAction\",\"target\":{\"@type\":\"EntryPoint\",\"urlTemplate\":\"https:\\\/\\\/www.fjordyachts.de\\\/?s={search_term_string}\"},\"query-input\":{\"@type\":\"PropertyValueSpecification\",\"valueRequired\":true,\"valueName\":\"search_term_string\"}}],\"inLanguage\":\"es\"},{\"@type\":\"Organization\",\"@id\":\"https:\\\/\\\/www.fjordyachts.de\\\/#organization\",\"name\":\"Fjord Yachts\",\"url\":\"https:\\\/\\\/www.fjordyachts.de\\\/\",\"logo\":{\"@type\":\"ImageObject\",\"inLanguage\":\"es\",\"@id\":\"https:\\\/\\\/www.fjordyachts.de\\\/#\\\/schema\\\/logo\\\/image\\\/\",\"url\":\"https:\\\/\\\/www.fjordyachts.de\\\/wp-content\\\/uploads\\\/fjord-yachts-black-a.svg\",\"contentUrl\":\"https:\\\/\\\/www.fjordyachts.de\\\/wp-content\\\/uploads\\\/fjord-yachts-black-a.svg\",\"width\":\"1920\",\"height\":\"1920\",\"caption\":\"Fjord Yachts\"},\"image\":{\"@id\":\"https:\\\/\\\/www.fjordyachts.de\\\/#\\\/schema\\\/logo\\\/image\\\/\"}}]}<\/script>\n<!-- \/ Yoast SEO plugin. -->","yoast_head_json":{"title":"Calidad Alemana - Fjord Yachts","robots":{"index":"index","follow":"follow","max-snippet":"max-snippet:-1","max-image-preview":"max-image-preview:large","max-video-preview":"max-video-preview:-1"},"canonical":"https:\/\/www.fjordyachts.de\/es\/calidad-alemana\/","og_locale":"es_ES","og_type":"article","og_title":"Calidad Alemana - Fjord Yachts","og_url":"https:\/\/www.fjordyachts.de\/es\/calidad-alemana\/","og_site_name":"Fjord Yachts","article_modified_time":"2025-03-24T17:35:40+00:00","og_image":[{"width":1920,"height":2560,"url":"https:\/\/www.fjordyachts.de\/wp-content\/uploads\/fjord-53-xl-exterior-5-scaled.jpg","type":"image\/jpeg"}],"twitter_card":"summary_large_image","twitter_misc":{"Tiempo de lectura":"2 minutos"},"schema":{"@context":"https:\/\/schema.org","@graph":[{"@type":"WebPage","@id":"https:\/\/www.fjordyachts.de\/es\/calidad-alemana\/","url":"https:\/\/www.fjordyachts.de\/es\/calidad-alemana\/","name":"Calidad Alemana - Fjord Yachts","isPartOf":{"@id":"https:\/\/www.fjordyachts.de\/#website"},"primaryImageOfPage":{"@id":"https:\/\/www.fjordyachts.de\/es\/calidad-alemana\/#primaryimage"},"image":{"@id":"https:\/\/www.fjordyachts.de\/es\/calidad-alemana\/#primaryimage"},"thumbnailUrl":"https:\/\/www.fjordyachts.de\/wp-content\/uploads\/fjord-53-xl-exterior-5-scaled.jpg","datePublished":"2025-01-10T17:19:45+00:00","dateModified":"2025-03-24T17:35:40+00:00","breadcrumb":{"@id":"https:\/\/www.fjordyachts.de\/es\/calidad-alemana\/#breadcrumb"},"inLanguage":"es","potentialAction":[{"@type":"ReadAction","target":["https:\/\/www.fjordyachts.de\/es\/calidad-alemana\/"]}]},{"@type":"ImageObject","inLanguage":"es","@id":"https:\/\/www.fjordyachts.de\/es\/calidad-alemana\/#primaryimage","url":"https:\/\/www.fjordyachts.de\/wp-content\/uploads\/fjord-53-xl-exterior-5-scaled.jpg","contentUrl":"https:\/\/www.fjordyachts.de\/wp-content\/uploads\/fjord-53-xl-exterior-5-scaled.jpg","width":1920,"height":2560},{"@type":"BreadcrumbList","@id":"https:\/\/www.fjordyachts.de\/es\/calidad-alemana\/#breadcrumb","itemListElement":[{"@type":"ListItem","position":1,"name":"Home","item":"https:\/\/www.fjordyachts.de\/es\/"},{"@type":"ListItem","position":2,"name":"Calidad Alemana"}]},{"@type":"WebSite","@id":"https:\/\/www.fjordyachts.de\/#website","url":"https:\/\/www.fjordyachts.de\/","name":"Fjord Yachts","description":"","publisher":{"@id":"https:\/\/www.fjordyachts.de\/#organization"},"potentialAction":[{"@type":"SearchAction","target":{"@type":"EntryPoint","urlTemplate":"https:\/\/www.fjordyachts.de\/?s={search_term_string}"},"query-input":{"@type":"PropertyValueSpecification","valueRequired":true,"valueName":"search_term_string"}}],"inLanguage":"es"},{"@type":"Organization","@id":"https:\/\/www.fjordyachts.de\/#organization","name":"Fjord Yachts","url":"https:\/\/www.fjordyachts.de\/","logo":{"@type":"ImageObject","inLanguage":"es","@id":"https:\/\/www.fjordyachts.de\/#\/schema\/logo\/image\/","url":"https:\/\/www.fjordyachts.de\/wp-content\/uploads\/fjord-yachts-black-a.svg","contentUrl":"https:\/\/www.fjordyachts.de\/wp-content\/uploads\/fjord-yachts-black-a.svg","width":"1920","height":"1920","caption":"Fjord Yachts"},"image":{"@id":"https:\/\/www.fjordyachts.de\/#\/schema\/logo\/image\/"}}]}},"_links":{"self":[{"href":"https:\/\/www.fjordyachts.de\/es\/wp-json\/wp\/v2\/pages\/1378","targetHints":{"allow":["GET"]}}],"collection":[{"href":"https:\/\/www.fjordyachts.de\/es\/wp-json\/wp\/v2\/pages"}],"about":[{"href":"https:\/\/www.fjordyachts.de\/es\/wp-json\/wp\/v2\/types\/page"}],"author":[{"embeddable":true,"href":"https:\/\/www.fjordyachts.de\/es\/wp-json\/wp\/v2\/users\/1"}],"replies":[{"embeddable":true,"href":"https:\/\/www.fjordyachts.de\/es\/wp-json\/wp\/v2\/comments?post=1378"}],"version-history":[{"count":4,"href":"https:\/\/www.fjordyachts.de\/es\/wp-json\/wp\/v2\/pages\/1378\/revisions"}],"predecessor-version":[{"id":1447,"href":"https:\/\/www.fjordyachts.de\/es\/wp-json\/wp\/v2\/pages\/1378\/revisions\/1447"}],"wp:featuredmedia":[{"embeddable":true,"href":"https:\/\/www.fjordyachts.de\/es\/wp-json\/wp\/v2\/media\/824"}],"wp:attachment":[{"href":"https:\/\/www.fjordyachts.de\/es\/wp-json\/wp\/v2\/media?parent=1378"}],"wp:term":[{"taxonomy":"brand","embeddable":true,"href":"https:\/\/www.fjordyachts.de\/es\/wp-json\/wp\/v2\/brand?post=1378"},{"taxonomy":"brands-old","embeddable":true,"href":"https:\/\/www.fjordyachts.de\/es\/wp-json\/wp\/v2\/brands-old?post=1378"}],"curies":[{"name":"wp","href":"https:\/\/api.w.org\/{rel}","templated":true}]}}